{"id":11,"date":"2017-08-05T12:59:15","date_gmt":"2017-08-05T12:59:15","guid":{"rendered":"https:\/\/gnostx.com\/wp_gnostx\/?page_id=11"},"modified":"2018-02-06T16:08:23","modified_gmt":"2018-02-06T16:08:23","slug":"buch_kundenrolle_2014","status":"publish","type":"page","link":"https:\/\/gnostx.com\/wp_gnostx\/produkte\/buch_kundenrolle_2014\/","title":{"rendered":"Buch Kundenrolle"},"content":{"rendered":"<table style=\"height: 463px\" width=\"597\">\n<tbody>\n<tr>\n<td>\n<p><figure id=\"attachment_13\" aria-describedby=\"caption-attachment-13\" style=\"width: 223px\" class=\"wp-caption alignnone\"><img loading=\"lazy\" decoding=\"async\" class=\"wp-image-13 size-medium\" title=\"Die Kundenrolle in IT-Projekten\" src=\"https:\/\/gnostx.com\/wp_gnostx\/wp-content\/uploads\/2017\/08\/buch-223x300.png\" alt=\"Die Kundenrolle in IT-Projekten\" width=\"223\" height=\"300\" srcset=\"https:\/\/gnostx.com\/wp_gnostx\/wp-content\/uploads\/2017\/08\/buch-223x300.png 223w, https:\/\/gnostx.com\/wp_gnostx\/wp-content\/uploads\/2017\/08\/buch-768x1034.png 768w, https:\/\/gnostx.com\/wp_gnostx\/wp-content\/uploads\/2017\/08\/buch-761x1024.png 761w, https:\/\/gnostx.com\/wp_gnostx\/wp-content\/uploads\/2017\/08\/buch.png 867w\" sizes=\"auto, (max-width: 223px) 100vw, 223px\" \/><figcaption id=\"caption-attachment-13\" class=\"wp-caption-text\">Buch: Die Kundenrolle in IT-Projekten<\/figcaption><\/figure><\/td>\n<td>Matthias G\u00fcnter<\/p>\n<p class=\"western\">Damit Informatikprojekte gelingen, sollte der Kunde im Zentrum stehen. Dieser findet sich aber h\u00e4ufig in Situationen wieder, in denen ihm die Informatik eher \u00fcber den Kopf w\u00e4chst, als dass sie ihm weiterhilft. Das Buch bietet konkrete L\u00f6sungen, wie der Kunde in IT-Projekten aktiv und gestaltend mitwirken kann. Es hilft Ihnen auch, als Kunde in einem Projekt das Optimum herauszuholen und sich in der IT-Welt zurechtzufinden. Lernen Sie, anhand von konkreten Beispielen erfolgreich mit Informatikern und Projektleitern zu kommunizieren! Ihre Projekte werden die Bed\u00fcrfnisse Ihres Gesch\u00e4fts schneller und besser erf\u00fcllen. So schliessen Sie IT-Projekte erfolgreich ab.<\/p>\n<\/td>\n<\/tr>\n<\/tbody>\n<\/table>\n<h1 class=\"western\">Bibliographie<\/h1>\n<ul>\n<li><strong>Taschenbuch:<\/strong> 224 Seiten<\/li>\n<li><strong>Verlag:<\/strong> Books on Demand (11. Dezember 2013)<\/li>\n<li><strong>Sprache:<\/strong> Deutsch<\/li>\n<li><strong>ISBN-10:<\/strong> 3732205673<\/li>\n<li><strong>ISBN-13:<\/strong> 978-3-7322-0567-7<\/li>\n<li><strong> Gr\u00f6\u00dfe und\/oder Gewicht: <\/strong> 21 x 14,8 x 1,2 cm<\/li>\n<\/ul>\n<h1>\u00dcber den Autor<\/h1>\n<p>Matthias G\u00fcnter Dr. phil. nat., CEO GnostX GmbH www.gnostx.ch <a href=\"mailto:gm@gnostx.ch\">gm@gnostx.ch<\/a><\/p>\n<p>&nbsp;<\/p>\n<p>Matthias G\u00fcnter ist seit mehr als zwanzig Jahren in der Informatik t\u00e4tig. Mehrheitlich war er in den Bereichen IT-Management, strategische Beratung, Projektleitung, Strategieentwicklung, Businessanalyse und Organisationsentwicklung aktiv. Einige seiner Projekte wurden in einem internationalen Kontext durchgef\u00fchrt. Mehr als zehn Jahre leitete er als CIO eine gr\u00f6ssere Informatikabteilung mit eigener Softwareentwicklung und eigenem Rechenzentrum. Er hat an internationalen und nationalen Informatikstandards mitgearbeitet.<\/p>\n<h1>Bestellung<\/h1>\n<ul>\n<li><a href=\"http:\/\/www.stauffacher.ch\/shop\/stb_start_startseite\/suche\/?fq=Die+Kundenrolle+in+IT-Projekten&amp;sswg=ANY&amp;submit.x=32&amp;submit.y=8&amp;timestamp=1387650179858\" target=\"_blank\" rel=\"noopener\">Stauffacher<\/a><\/li>\n<li><a href=\"http:\/\/www.amazon.de\/Die-Kundenrolle-IT-Projekten-Matthias-G%C3%BCnter\/dp\/3732205673\/ref=sr_1_1?ie=UTF8&amp;qid=1387027285&amp;sr=8-1&amp;keywords=Die+Kundenrolle+in+IT-Projekten\" target=\"_blank\" rel=\"noopener\">Amazon<\/a><\/li>\n<\/ul>\n<h1 class=\"western\">eBook<\/h1>\n<p>ISBN 9783732203994<\/p>\n<ul>\n<li>Apple iBookstore<br \/>\n<a href=\"http:\/\/itunes.apple.com\/de\/book\/isbn9783732203994\" target=\"_blank\" rel=\"noopener\">http:\/\/itunes.apple.com\/de\/book\/isbn9783732203994<\/a><\/li>\n<li>Amazon Kindle-Shop auf <a href=\"http:\/\/www.amazon.de\" target=\"_blank\" rel=\"noopener\">amazon.de<\/a><\/li>\n<li>eBook.de:<br \/>\n<a href=\"http:\/\/www.libri.de\/shop\/action\/productDetails?id=9783732203994\" target=\"_blank\" rel=\"noopener\">http:\/\/www.libri.de\/shop\/action\/productDetails?id=978373220399<\/a><\/li>\n<\/ul>\n<h1>Weiterf\u00fchrendes Material<\/h1>\n<p><em>&#8211;<\/em><\/p>\n<h1>Korrigenda<\/h1>\n<p>&#8211;<\/p>\n","protected":false},"excerpt":{"rendered":"<p>Matthias G\u00fcnter Damit Informatikprojekte gelingen, sollte der Kunde im Zentrum stehen. Dieser findet sich aber h\u00e4ufig in Situationen wieder, in denen ihm die Informatik eher \u00fcber den Kopf w\u00e4chst, als dass sie ihm weiterhilft. Das Buch bietet konkrete L\u00f6sungen, wie der Kunde in IT-Projekten aktiv und gestaltend mitwirken kann. Es hilft Ihnen auch, als Kunde &hellip; <\/p>\n<p class=\"link-more\"><a href=\"https:\/\/gnostx.com\/wp_gnostx\/produkte\/buch_kundenrolle_2014\/\" class=\"more-link\"><span class=\"screen-reader-text\">\u201eBuch Kundenrolle\u201c <\/span>weiterlesen<\/a><\/p>\n","protected":false},"author":1,"featured_media":0,"parent":9,"menu_order":0,"comment_status":"closed","ping_status":"closed","template":"","meta":{"footnotes":""},"class_list":["post-11","page","type-page","status-publish","hentry"],"yoast_head":"<!-- This site is optimized with the Yoast SEO plugin v27.3 - https:\/\/yoast.com\/product\/yoast-seo-wordpress\/ -->\n<title>GnostX GmbH | Buch - Kundenrolle in IT-Projekten von Matthias G\u00fcnter<\/title>\n<meta name=\"description\" content=\"Damit Informatikprojekte gelingen, sollte der Kunde im Zentrum stehen. Dieser findet sich aber h\u00e4ufig in Situationen wieder, in denen ihm die Informatik eher \u00fcber den Kopf w\u00e4chst, als dass sie ihm weiterhilft. Das Buch bietet konkrete L\u00f6sungen, wie der Kunde in IT-Projekten aktiv und gestaltend mitwirken kann.\" \/>\n<meta name=\"robots\" content=\"index, follow, max-snippet:-1, max-image-preview:large, max-video-preview:-1\" \/>\n<link rel=\"canonical\" href=\"https:\/\/gnostx.com\/wp_gnostx\/produkte\/buch_kundenrolle_2014\/\" \/>\n<meta property=\"og:locale\" content=\"de_DE\" \/>\n<meta property=\"og:type\" content=\"article\" \/>\n<meta property=\"og:title\" content=\"GnostX GmbH | Buch - Kundenrolle in IT-Projekten von Matthias G\u00fcnter\" \/>\n<meta property=\"og:description\" content=\"Damit Informatikprojekte gelingen, sollte der Kunde im Zentrum stehen. Dieser findet sich aber h\u00e4ufig in Situationen wieder, in denen ihm die Informatik eher \u00fcber den Kopf w\u00e4chst, als dass sie ihm weiterhilft. Das Buch bietet konkrete L\u00f6sungen, wie der Kunde in IT-Projekten aktiv und gestaltend mitwirken kann.\" \/>\n<meta property=\"og:url\" content=\"https:\/\/gnostx.com\/wp_gnostx\/produkte\/buch_kundenrolle_2014\/\" \/>\n<meta property=\"og:site_name\" content=\"GnostX GmbH\" \/>\n<meta property=\"article:modified_time\" content=\"2018-02-06T16:08:23+00:00\" \/>\n<meta property=\"og:image\" content=\"https:\/\/gnostx.com\/wp_gnostx\/wp-content\/uploads\/2017\/08\/buch-223x300.png\" \/>\n<meta name=\"twitter:card\" content=\"summary_large_image\" \/>\n<meta name=\"twitter:label1\" content=\"Gesch\u00e4tzte Lesezeit\" \/>\n\t<meta name=\"twitter:data1\" content=\"1\u00a0Minute\" \/>\n<script type=\"application\/ld+json\" class=\"yoast-schema-graph\">{\"@context\":\"https:\\\/\\\/schema.org\",\"@graph\":[{\"@type\":\"WebPage\",\"@id\":\"https:\\\/\\\/gnostx.com\\\/wp_gnostx\\\/produkte\\\/buch_kundenrolle_2014\\\/\",\"url\":\"https:\\\/\\\/gnostx.com\\\/wp_gnostx\\\/produkte\\\/buch_kundenrolle_2014\\\/\",\"name\":\"GnostX GmbH | Buch - Kundenrolle in IT-Projekten von Matthias G\u00fcnter\",\"isPartOf\":{\"@id\":\"https:\\\/\\\/gnostx.com\\\/wp_gnostx\\\/#website\"},\"primaryImageOfPage\":{\"@id\":\"https:\\\/\\\/gnostx.com\\\/wp_gnostx\\\/produkte\\\/buch_kundenrolle_2014\\\/#primaryimage\"},\"image\":{\"@id\":\"https:\\\/\\\/gnostx.com\\\/wp_gnostx\\\/produkte\\\/buch_kundenrolle_2014\\\/#primaryimage\"},\"thumbnailUrl\":\"https:\\\/\\\/gnostx.com\\\/wp_gnostx\\\/wp-content\\\/uploads\\\/2017\\\/08\\\/buch-223x300.png\",\"datePublished\":\"2017-08-05T12:59:15+00:00\",\"dateModified\":\"2018-02-06T16:08:23+00:00\",\"description\":\"Damit Informatikprojekte gelingen, sollte der Kunde im Zentrum stehen. Dieser findet sich aber h\u00e4ufig in Situationen wieder, in denen ihm die Informatik eher \u00fcber den Kopf w\u00e4chst, als dass sie ihm weiterhilft. Das Buch bietet konkrete L\u00f6sungen, wie der Kunde in IT-Projekten aktiv und gestaltend mitwirken kann.\",\"breadcrumb\":{\"@id\":\"https:\\\/\\\/gnostx.com\\\/wp_gnostx\\\/produkte\\\/buch_kundenrolle_2014\\\/#breadcrumb\"},\"inLanguage\":\"de\",\"potentialAction\":[{\"@type\":\"ReadAction\",\"target\":[\"https:\\\/\\\/gnostx.com\\\/wp_gnostx\\\/produkte\\\/buch_kundenrolle_2014\\\/\"]}]},{\"@type\":\"ImageObject\",\"inLanguage\":\"de\",\"@id\":\"https:\\\/\\\/gnostx.com\\\/wp_gnostx\\\/produkte\\\/buch_kundenrolle_2014\\\/#primaryimage\",\"url\":\"https:\\\/\\\/gnostx.com\\\/wp_gnostx\\\/wp-content\\\/uploads\\\/2017\\\/08\\\/buch.png\",\"contentUrl\":\"https:\\\/\\\/gnostx.com\\\/wp_gnostx\\\/wp-content\\\/uploads\\\/2017\\\/08\\\/buch.png\",\"width\":867,\"height\":1167,\"caption\":\"Buch: Die Kundenrolle in IT-Projekten\"},{\"@type\":\"BreadcrumbList\",\"@id\":\"https:\\\/\\\/gnostx.com\\\/wp_gnostx\\\/produkte\\\/buch_kundenrolle_2014\\\/#breadcrumb\",\"itemListElement\":[{\"@type\":\"ListItem\",\"position\":1,\"name\":\"Startseite\",\"item\":\"https:\\\/\\\/gnostx.com\\\/wp_gnostx\\\/\"},{\"@type\":\"ListItem\",\"position\":2,\"name\":\"Produkte\",\"item\":\"https:\\\/\\\/gnostx.com\\\/wp_gnostx\\\/produkte\\\/\"},{\"@type\":\"ListItem\",\"position\":3,\"name\":\"Buch Kundenrolle\"}]},{\"@type\":\"WebSite\",\"@id\":\"https:\\\/\\\/gnostx.com\\\/wp_gnostx\\\/#website\",\"url\":\"https:\\\/\\\/gnostx.com\\\/wp_gnostx\\\/\",\"name\":\"GnostX GmbH\",\"description\":\"f\u00fcr IT-Manager\",\"publisher\":{\"@id\":\"https:\\\/\\\/gnostx.com\\\/wp_gnostx\\\/#organization\"},\"potentialAction\":[{\"@type\":\"SearchAction\",\"target\":{\"@type\":\"EntryPoint\",\"urlTemplate\":\"https:\\\/\\\/gnostx.com\\\/wp_gnostx\\\/?s={search_term_string}\"},\"query-input\":{\"@type\":\"PropertyValueSpecification\",\"valueRequired\":true,\"valueName\":\"search_term_string\"}}],\"inLanguage\":\"de\"},{\"@type\":\"Organization\",\"@id\":\"https:\\\/\\\/gnostx.com\\\/wp_gnostx\\\/#organization\",\"name\":\"GnostX GmbH\",\"url\":\"https:\\\/\\\/gnostx.com\\\/wp_gnostx\\\/\",\"logo\":{\"@type\":\"ImageObject\",\"inLanguage\":\"de\",\"@id\":\"https:\\\/\\\/gnostx.com\\\/wp_gnostx\\\/#\\\/schema\\\/logo\\\/image\\\/\",\"url\":\"https:\\\/\\\/gnostx.com\\\/wp_gnostx\\\/wp-content\\\/uploads\\\/2017\\\/08\\\/cropped-logo_beschnitten.png\",\"contentUrl\":\"https:\\\/\\\/gnostx.com\\\/wp_gnostx\\\/wp-content\\\/uploads\\\/2017\\\/08\\\/cropped-logo_beschnitten.png\",\"width\":250,\"height\":250,\"caption\":\"GnostX GmbH\"},\"image\":{\"@id\":\"https:\\\/\\\/gnostx.com\\\/wp_gnostx\\\/#\\\/schema\\\/logo\\\/image\\\/\"}}]}<\/script>\n<!-- \/ Yoast SEO plugin. -->","yoast_head_json":{"title":"GnostX GmbH | Buch - Kundenrolle in IT-Projekten von Matthias G\u00fcnter","description":"Damit Informatikprojekte gelingen, sollte der Kunde im Zentrum stehen. Dieser findet sich aber h\u00e4ufig in Situationen wieder, in denen ihm die Informatik eher \u00fcber den Kopf w\u00e4chst, als dass sie ihm weiterhilft. Das Buch bietet konkrete L\u00f6sungen, wie der Kunde in IT-Projekten aktiv und gestaltend mitwirken kann.","robots":{"index":"index","follow":"follow","max-snippet":"max-snippet:-1","max-image-preview":"max-image-preview:large","max-video-preview":"max-video-preview:-1"},"canonical":"https:\/\/gnostx.com\/wp_gnostx\/produkte\/buch_kundenrolle_2014\/","og_locale":"de_DE","og_type":"article","og_title":"GnostX GmbH | Buch - Kundenrolle in IT-Projekten von Matthias G\u00fcnter","og_description":"Damit Informatikprojekte gelingen, sollte der Kunde im Zentrum stehen. Dieser findet sich aber h\u00e4ufig in Situationen wieder, in denen ihm die Informatik eher \u00fcber den Kopf w\u00e4chst, als dass sie ihm weiterhilft. Das Buch bietet konkrete L\u00f6sungen, wie der Kunde in IT-Projekten aktiv und gestaltend mitwirken kann.","og_url":"https:\/\/gnostx.com\/wp_gnostx\/produkte\/buch_kundenrolle_2014\/","og_site_name":"GnostX GmbH","article_modified_time":"2018-02-06T16:08:23+00:00","og_image":[{"url":"https:\/\/gnostx.com\/wp_gnostx\/wp-content\/uploads\/2017\/08\/buch-223x300.png","type":"","width":"","height":""}],"twitter_card":"summary_large_image","twitter_misc":{"Gesch\u00e4tzte Lesezeit":"1\u00a0Minute"},"schema":{"@context":"https:\/\/schema.org","@graph":[{"@type":"WebPage","@id":"https:\/\/gnostx.com\/wp_gnostx\/produkte\/buch_kundenrolle_2014\/","url":"https:\/\/gnostx.com\/wp_gnostx\/produkte\/buch_kundenrolle_2014\/","name":"GnostX GmbH | Buch - Kundenrolle in IT-Projekten von Matthias G\u00fcnter","isPartOf":{"@id":"https:\/\/gnostx.com\/wp_gnostx\/#website"},"primaryImageOfPage":{"@id":"https:\/\/gnostx.com\/wp_gnostx\/produkte\/buch_kundenrolle_2014\/#primaryimage"},"image":{"@id":"https:\/\/gnostx.com\/wp_gnostx\/produkte\/buch_kundenrolle_2014\/#primaryimage"},"thumbnailUrl":"https:\/\/gnostx.com\/wp_gnostx\/wp-content\/uploads\/2017\/08\/buch-223x300.png","datePublished":"2017-08-05T12:59:15+00:00","dateModified":"2018-02-06T16:08:23+00:00","description":"Damit Informatikprojekte gelingen, sollte der Kunde im Zentrum stehen. Dieser findet sich aber h\u00e4ufig in Situationen wieder, in denen ihm die Informatik eher \u00fcber den Kopf w\u00e4chst, als dass sie ihm weiterhilft. Das Buch bietet konkrete L\u00f6sungen, wie der Kunde in IT-Projekten aktiv und gestaltend mitwirken kann.","breadcrumb":{"@id":"https:\/\/gnostx.com\/wp_gnostx\/produkte\/buch_kundenrolle_2014\/#breadcrumb"},"inLanguage":"de","potentialAction":[{"@type":"ReadAction","target":["https:\/\/gnostx.com\/wp_gnostx\/produkte\/buch_kundenrolle_2014\/"]}]},{"@type":"ImageObject","inLanguage":"de","@id":"https:\/\/gnostx.com\/wp_gnostx\/produkte\/buch_kundenrolle_2014\/#primaryimage","url":"https:\/\/gnostx.com\/wp_gnostx\/wp-content\/uploads\/2017\/08\/buch.png","contentUrl":"https:\/\/gnostx.com\/wp_gnostx\/wp-content\/uploads\/2017\/08\/buch.png","width":867,"height":1167,"caption":"Buch: Die Kundenrolle in IT-Projekten"},{"@type":"BreadcrumbList","@id":"https:\/\/gnostx.com\/wp_gnostx\/produkte\/buch_kundenrolle_2014\/#breadcrumb","itemListElement":[{"@type":"ListItem","position":1,"name":"Startseite","item":"https:\/\/gnostx.com\/wp_gnostx\/"},{"@type":"ListItem","position":2,"name":"Produkte","item":"https:\/\/gnostx.com\/wp_gnostx\/produkte\/"},{"@type":"ListItem","position":3,"name":"Buch Kundenrolle"}]},{"@type":"WebSite","@id":"https:\/\/gnostx.com\/wp_gnostx\/#website","url":"https:\/\/gnostx.com\/wp_gnostx\/","name":"GnostX GmbH","description":"f\u00fcr IT-Manager","publisher":{"@id":"https:\/\/gnostx.com\/wp_gnostx\/#organization"},"potentialAction":[{"@type":"SearchAction","target":{"@type":"EntryPoint","urlTemplate":"https:\/\/gnostx.com\/wp_gnostx\/?s={search_term_string}"},"query-input":{"@type":"PropertyValueSpecification","valueRequired":true,"valueName":"search_term_string"}}],"inLanguage":"de"},{"@type":"Organization","@id":"https:\/\/gnostx.com\/wp_gnostx\/#organization","name":"GnostX GmbH","url":"https:\/\/gnostx.com\/wp_gnostx\/","logo":{"@type":"ImageObject","inLanguage":"de","@id":"https:\/\/gnostx.com\/wp_gnostx\/#\/schema\/logo\/image\/","url":"https:\/\/gnostx.com\/wp_gnostx\/wp-content\/uploads\/2017\/08\/cropped-logo_beschnitten.png","contentUrl":"https:\/\/gnostx.com\/wp_gnostx\/wp-content\/uploads\/2017\/08\/cropped-logo_beschnitten.png","width":250,"height":250,"caption":"GnostX GmbH"},"image":{"@id":"https:\/\/gnostx.com\/wp_gnostx\/#\/schema\/logo\/image\/"}}]}},"_links":{"self":[{"href":"https:\/\/gnostx.com\/wp_gnostx\/wp-json\/wp\/v2\/pages\/11","targetHints":{"allow":["GET"]}}],"collection":[{"href":"https:\/\/gnostx.com\/wp_gnostx\/wp-json\/wp\/v2\/pages"}],"about":[{"href":"https:\/\/gnostx.com\/wp_gnostx\/wp-json\/wp\/v2\/types\/page"}],"author":[{"embeddable":true,"href":"https:\/\/gnostx.com\/wp_gnostx\/wp-json\/wp\/v2\/users\/1"}],"replies":[{"embeddable":true,"href":"https:\/\/gnostx.com\/wp_gnostx\/wp-json\/wp\/v2\/comments?post=11"}],"version-history":[{"count":7,"href":"https:\/\/gnostx.com\/wp_gnostx\/wp-json\/wp\/v2\/pages\/11\/revisions"}],"predecessor-version":[{"id":220,"href":"https:\/\/gnostx.com\/wp_gnostx\/wp-json\/wp\/v2\/pages\/11\/revisions\/220"}],"up":[{"embeddable":true,"href":"https:\/\/gnostx.com\/wp_gnostx\/wp-json\/wp\/v2\/pages\/9"}],"wp:attachment":[{"href":"https:\/\/gnostx.com\/wp_gnostx\/wp-json\/wp\/v2\/media?parent=11"}],"curies":[{"name":"wp","href":"https:\/\/api.w.org\/{rel}","templated":true}]}}