{"id":16,"date":"2017-08-05T13:03:26","date_gmt":"2017-08-05T13:03:26","guid":{"rendered":"https:\/\/gnostx.com\/wp_gnostx\/?page_id=16"},"modified":"2018-02-06T13:38:14","modified_gmt":"2018-02-06T13:38:14","slug":"project-soft-factor-survey","status":"publish","type":"page","link":"https:\/\/gnostx.com\/wp_gnostx\/produkte\/project-soft-factor-survey\/","title":{"rendered":"Project Soft Factor Survey"},"content":{"rendered":"<h1>Project Soft Factor Survey &#8211; Weiche Faktoren sind in Projekten entscheidend.<\/h1>\n<p>&nbsp;<\/p>\n<p>Weiche Faktoren sind ein Begriff aus der F\u00fchrung und Psychologie, sie beschreiben schwer messbare aber f\u00fcr die zwischenmenschliche Dynamik entscheidende Eigenschaften. Das gegenseitige Vertrauen, pers\u00f6nliche Probleme oder die Zuversicht von Teammitgliedern das geforderte Resultat zu erreichen. Mit unserem Survey (Project Soft Factor Survey) erfahren Sie regelm\u00e4ssig und systematisch, was Ihr Projektteam und die Stakeholder denken und wie sie die weichen Faktoren beurteilen. Das Survey verf\u00fcgt \u00fcber verschiedene Szenarien. Damit verwenden Sie die richtigen Fragen in der richtigen Situation.<\/p>\n<p><strong>Melden Sie sich einfach und unkompliziert an: (Beta-Version):<\/strong><br \/>\n<a href=\"https:\/\/gnostx.com\/psfs\" target=\"_blank\" rel=\"noopener\">https:\/\/gnostx.com\/psfs<\/a><\/p>\n<p>Lesen Sie den Flyer zum Produkt: <a href=\"https:\/\/gnostx.com\/wp_gnostx\/wp-content\/uploads\/2017\/08\/flyer_psfs_print.pdf\">flyer_psfs_print<\/a><\/p>\n<p>Das Anleitung f\u00fcr den Supervisor: <a href=\"https:\/\/gnostx.com\/wp_gnostx\/wp-content\/uploads\/2017\/08\/manual_psfs_supervisor.pdf\">manual_psfs_supervisor<\/a><\/p>\n<p>Die Anleitung f\u00fcr die Benutzer: <a href=\"https:\/\/gnostx.com\/wp_gnostx\/wp-content\/uploads\/2017\/08\/manual_psfs_user.pdf\">manual_psfs_user<\/a><\/p>\n<p>&nbsp;<\/p>\n<p>Weiche Faktoren (soft factors) sind f\u00fcr den Projekterfolg entscheidend. Unsere gepr\u00fcften Survey erlauben es Ihnen, diese Erfolgsfaktoren zu messen.<\/p>\n<p>&nbsp;<\/p>\n<p>Der Project Soft Factor Survey basiert auf der <a href=\"https:\/\/gnostx.com\/wp_gnostx\/download\/these-simon-guenter-project-soft-factor-survey\/\" target=\"_blank\" rel=\"noopener\">Arbeit von Simon G\u00fcnter an der ETHZ<\/a>.<\/p>\n<h2>Mehr Informationen<\/h2>\n<p>Melden Sie Sich bei uns:<\/p>\n\n<div class=\"wpcf7 no-js\" id=\"wpcf7-f101-o1\" lang=\"de-DE\" dir=\"ltr\" data-wpcf7-id=\"101\">\n<div class=\"screen-reader-response\"><p role=\"status\" aria-live=\"polite\" aria-atomic=\"true\"><\/p> <ul><\/ul><\/div>\n<form action=\"\/wp_gnostx\/wp-json\/wp\/v2\/pages\/16#wpcf7-f101-o1\" method=\"post\" class=\"wpcf7-form init\" aria-label=\"Kontaktformular\" novalidate=\"novalidate\" data-status=\"init\">\n<fieldset class=\"hidden-fields-container\"><input type=\"hidden\" name=\"_wpcf7\" value=\"101\" \/><input type=\"hidden\" name=\"_wpcf7_version\" value=\"6.1.5\" \/><input type=\"hidden\" name=\"_wpcf7_locale\" value=\"de_DE\" \/><input type=\"hidden\" name=\"_wpcf7_unit_tag\" value=\"wpcf7-f101-o1\" \/><input type=\"hidden\" name=\"_wpcf7_container_post\" value=\"0\" \/><input type=\"hidden\" name=\"_wpcf7_posted_data_hash\" value=\"\" \/>\n<\/fieldset>\n<p><label> Ihre Firma (Pflichtfeld)<br \/>\n<span class=\"wpcf7-form-control-wrap\" data-name=\"your-company\"><input size=\"40\" maxlength=\"400\" class=\"wpcf7-form-control wpcf7-text wpcf7-validates-as-required\" aria-required=\"true\" aria-invalid=\"false\" value=\"\" type=\"text\" name=\"your-company\" \/><\/span> <\/label>\n<\/p>\n<p><label> Ihre E-Mail-Adresse (Pflichtfeld)<br \/>\n<span class=\"wpcf7-form-control-wrap\" data-name=\"your-email\"><input size=\"40\" maxlength=\"400\" class=\"wpcf7-form-control wpcf7-email wpcf7-validates-as-required wpcf7-text wpcf7-validates-as-email\" aria-required=\"true\" aria-invalid=\"false\" value=\"\" type=\"email\" name=\"your-email\" \/><\/span> <\/label>\n<\/p>\n<p><label> Betreff<br \/>\n<span class=\"wpcf7-form-control-wrap\" data-name=\"your-subject\"><input size=\"40\" maxlength=\"400\" class=\"wpcf7-form-control wpcf7-text\" aria-invalid=\"false\" value=\"\" type=\"text\" name=\"your-subject\" \/><\/span> <\/label>\n<\/p>\n<p><label> Ihre Nachricht<br \/>\n<span class=\"wpcf7-form-control-wrap\" data-name=\"your-message\"><textarea cols=\"40\" rows=\"10\" maxlength=\"2000\" class=\"wpcf7-form-control wpcf7-textarea\" aria-invalid=\"false\" name=\"your-message\"><\/textarea><\/span> <\/label>\n<\/p>\n<p><input class=\"wpcf7-form-control wpcf7-submit has-spinner\" type=\"submit\" value=\"Senden\" \/>\n<\/p><div class=\"wpcf7-response-output\" aria-hidden=\"true\"><\/div>\n<\/form>\n<\/div>\n\n","protected":false},"excerpt":{"rendered":"<p>Project Soft Factor Survey &#8211; Weiche Faktoren sind in Projekten entscheidend. &nbsp; Weiche Faktoren sind ein Begriff aus der F\u00fchrung und Psychologie, sie beschreiben schwer messbare aber f\u00fcr die zwischenmenschliche Dynamik entscheidende Eigenschaften. Das gegenseitige Vertrauen, pers\u00f6nliche Probleme oder die Zuversicht von Teammitgliedern das geforderte Resultat zu erreichen. Mit unserem Survey (Project Soft Factor Survey) &hellip; <\/p>\n<p class=\"link-more\"><a href=\"https:\/\/gnostx.com\/wp_gnostx\/produkte\/project-soft-factor-survey\/\" class=\"more-link\"><span class=\"screen-reader-text\">\u201eProject Soft Factor Survey\u201c <\/span>weiterlesen<\/a><\/p>\n","protected":false},"author":1,"featured_media":0,"parent":9,"menu_order":0,"comment_status":"closed","ping_status":"closed","template":"","meta":{"footnotes":""},"class_list":["post-16","page","type-page","status-publish","hentry"],"yoast_head":"<!-- This site is optimized with the Yoast SEO plugin v27.3 - https:\/\/yoast.com\/product\/yoast-seo-wordpress\/ -->\n<title>GnostX GmbH - Project Soft Factor Survey sind in Projekten entscheidend<\/title>\n<meta name=\"description\" content=\"Weiche Faktoren sind ein Begriff aus der F\u00fchrung und Psychologie. Mit unserem Survey (Project Soft Factor Survey) erfahren Sie regelm\u00e4ssig und systematisch, was Ihr Projektteam und die Stakeholder denken und wie sie die weichen Faktoren beurteilen\" \/>\n<meta name=\"robots\" content=\"index, follow, max-snippet:-1, max-image-preview:large, max-video-preview:-1\" \/>\n<link rel=\"canonical\" href=\"https:\/\/gnostx.com\/wp_gnostx\/produkte\/project-soft-factor-survey\/\" \/>\n<meta property=\"og:locale\" content=\"de_DE\" \/>\n<meta property=\"og:type\" content=\"article\" \/>\n<meta property=\"og:title\" content=\"GnostX GmbH - Project Soft Factor Survey sind in Projekten entscheidend\" \/>\n<meta property=\"og:description\" content=\"Weiche Faktoren sind ein Begriff aus der F\u00fchrung und Psychologie. Mit unserem Survey (Project Soft Factor Survey) erfahren Sie regelm\u00e4ssig und systematisch, was Ihr Projektteam und die Stakeholder denken und wie sie die weichen Faktoren beurteilen\" \/>\n<meta property=\"og:url\" content=\"https:\/\/gnostx.com\/wp_gnostx\/produkte\/project-soft-factor-survey\/\" \/>\n<meta property=\"og:site_name\" content=\"GnostX GmbH\" \/>\n<meta property=\"article:modified_time\" content=\"2018-02-06T13:38:14+00:00\" \/>\n<meta name=\"twitter:card\" content=\"summary_large_image\" \/>\n<meta name=\"twitter:label1\" content=\"Gesch\u00e4tzte Lesezeit\" \/>\n\t<meta name=\"twitter:data1\" content=\"1\u00a0Minute\" \/>\n<script type=\"application\/ld+json\" class=\"yoast-schema-graph\">{\"@context\":\"https:\\\/\\\/schema.org\",\"@graph\":[{\"@type\":\"WebPage\",\"@id\":\"https:\\\/\\\/gnostx.com\\\/wp_gnostx\\\/produkte\\\/project-soft-factor-survey\\\/\",\"url\":\"https:\\\/\\\/gnostx.com\\\/wp_gnostx\\\/produkte\\\/project-soft-factor-survey\\\/\",\"name\":\"GnostX GmbH - Project Soft Factor Survey sind in Projekten entscheidend\",\"isPartOf\":{\"@id\":\"https:\\\/\\\/gnostx.com\\\/wp_gnostx\\\/#website\"},\"datePublished\":\"2017-08-05T13:03:26+00:00\",\"dateModified\":\"2018-02-06T13:38:14+00:00\",\"description\":\"Weiche Faktoren sind ein Begriff aus der F\u00fchrung und Psychologie. Mit unserem Survey (Project Soft Factor Survey) erfahren Sie regelm\u00e4ssig und systematisch, was Ihr Projektteam und die Stakeholder denken und wie sie die weichen Faktoren beurteilen\",\"breadcrumb\":{\"@id\":\"https:\\\/\\\/gnostx.com\\\/wp_gnostx\\\/produkte\\\/project-soft-factor-survey\\\/#breadcrumb\"},\"inLanguage\":\"de\",\"potentialAction\":[{\"@type\":\"ReadAction\",\"target\":[\"https:\\\/\\\/gnostx.com\\\/wp_gnostx\\\/produkte\\\/project-soft-factor-survey\\\/\"]}]},{\"@type\":\"BreadcrumbList\",\"@id\":\"https:\\\/\\\/gnostx.com\\\/wp_gnostx\\\/produkte\\\/project-soft-factor-survey\\\/#breadcrumb\",\"itemListElement\":[{\"@type\":\"ListItem\",\"position\":1,\"name\":\"Startseite\",\"item\":\"https:\\\/\\\/gnostx.com\\\/wp_gnostx\\\/\"},{\"@type\":\"ListItem\",\"position\":2,\"name\":\"Produkte\",\"item\":\"https:\\\/\\\/gnostx.com\\\/wp_gnostx\\\/produkte\\\/\"},{\"@type\":\"ListItem\",\"position\":3,\"name\":\"Project Soft Factor Survey\"}]},{\"@type\":\"WebSite\",\"@id\":\"https:\\\/\\\/gnostx.com\\\/wp_gnostx\\\/#website\",\"url\":\"https:\\\/\\\/gnostx.com\\\/wp_gnostx\\\/\",\"name\":\"GnostX GmbH\",\"description\":\"f\u00fcr IT-Manager\",\"publisher\":{\"@id\":\"https:\\\/\\\/gnostx.com\\\/wp_gnostx\\\/#organization\"},\"potentialAction\":[{\"@type\":\"SearchAction\",\"target\":{\"@type\":\"EntryPoint\",\"urlTemplate\":\"https:\\\/\\\/gnostx.com\\\/wp_gnostx\\\/?s={search_term_string}\"},\"query-input\":{\"@type\":\"PropertyValueSpecification\",\"valueRequired\":true,\"valueName\":\"search_term_string\"}}],\"inLanguage\":\"de\"},{\"@type\":\"Organization\",\"@id\":\"https:\\\/\\\/gnostx.com\\\/wp_gnostx\\\/#organization\",\"name\":\"GnostX GmbH\",\"url\":\"https:\\\/\\\/gnostx.com\\\/wp_gnostx\\\/\",\"logo\":{\"@type\":\"ImageObject\",\"inLanguage\":\"de\",\"@id\":\"https:\\\/\\\/gnostx.com\\\/wp_gnostx\\\/#\\\/schema\\\/logo\\\/image\\\/\",\"url\":\"https:\\\/\\\/gnostx.com\\\/wp_gnostx\\\/wp-content\\\/uploads\\\/2017\\\/08\\\/cropped-logo_beschnitten.png\",\"contentUrl\":\"https:\\\/\\\/gnostx.com\\\/wp_gnostx\\\/wp-content\\\/uploads\\\/2017\\\/08\\\/cropped-logo_beschnitten.png\",\"width\":250,\"height\":250,\"caption\":\"GnostX GmbH\"},\"image\":{\"@id\":\"https:\\\/\\\/gnostx.com\\\/wp_gnostx\\\/#\\\/schema\\\/logo\\\/image\\\/\"}}]}<\/script>\n<!-- \/ Yoast SEO plugin. -->","yoast_head_json":{"title":"GnostX GmbH - Project Soft Factor Survey sind in Projekten entscheidend","description":"Weiche Faktoren sind ein Begriff aus der F\u00fchrung und Psychologie. Mit unserem Survey (Project Soft Factor Survey) erfahren Sie regelm\u00e4ssig und systematisch, was Ihr Projektteam und die Stakeholder denken und wie sie die weichen Faktoren beurteilen","robots":{"index":"index","follow":"follow","max-snippet":"max-snippet:-1","max-image-preview":"max-image-preview:large","max-video-preview":"max-video-preview:-1"},"canonical":"https:\/\/gnostx.com\/wp_gnostx\/produkte\/project-soft-factor-survey\/","og_locale":"de_DE","og_type":"article","og_title":"GnostX GmbH - Project Soft Factor Survey sind in Projekten entscheidend","og_description":"Weiche Faktoren sind ein Begriff aus der F\u00fchrung und Psychologie. Mit unserem Survey (Project Soft Factor Survey) erfahren Sie regelm\u00e4ssig und systematisch, was Ihr Projektteam und die Stakeholder denken und wie sie die weichen Faktoren beurteilen","og_url":"https:\/\/gnostx.com\/wp_gnostx\/produkte\/project-soft-factor-survey\/","og_site_name":"GnostX GmbH","article_modified_time":"2018-02-06T13:38:14+00:00","twitter_card":"summary_large_image","twitter_misc":{"Gesch\u00e4tzte Lesezeit":"1\u00a0Minute"},"schema":{"@context":"https:\/\/schema.org","@graph":[{"@type":"WebPage","@id":"https:\/\/gnostx.com\/wp_gnostx\/produkte\/project-soft-factor-survey\/","url":"https:\/\/gnostx.com\/wp_gnostx\/produkte\/project-soft-factor-survey\/","name":"GnostX GmbH - Project Soft Factor Survey sind in Projekten entscheidend","isPartOf":{"@id":"https:\/\/gnostx.com\/wp_gnostx\/#website"},"datePublished":"2017-08-05T13:03:26+00:00","dateModified":"2018-02-06T13:38:14+00:00","description":"Weiche Faktoren sind ein Begriff aus der F\u00fchrung und Psychologie. Mit unserem Survey (Project Soft Factor Survey) erfahren Sie regelm\u00e4ssig und systematisch, was Ihr Projektteam und die Stakeholder denken und wie sie die weichen Faktoren beurteilen","breadcrumb":{"@id":"https:\/\/gnostx.com\/wp_gnostx\/produkte\/project-soft-factor-survey\/#breadcrumb"},"inLanguage":"de","potentialAction":[{"@type":"ReadAction","target":["https:\/\/gnostx.com\/wp_gnostx\/produkte\/project-soft-factor-survey\/"]}]},{"@type":"BreadcrumbList","@id":"https:\/\/gnostx.com\/wp_gnostx\/produkte\/project-soft-factor-survey\/#breadcrumb","itemListElement":[{"@type":"ListItem","position":1,"name":"Startseite","item":"https:\/\/gnostx.com\/wp_gnostx\/"},{"@type":"ListItem","position":2,"name":"Produkte","item":"https:\/\/gnostx.com\/wp_gnostx\/produkte\/"},{"@type":"ListItem","position":3,"name":"Project Soft Factor Survey"}]},{"@type":"WebSite","@id":"https:\/\/gnostx.com\/wp_gnostx\/#website","url":"https:\/\/gnostx.com\/wp_gnostx\/","name":"GnostX GmbH","description":"f\u00fcr IT-Manager","publisher":{"@id":"https:\/\/gnostx.com\/wp_gnostx\/#organization"},"potentialAction":[{"@type":"SearchAction","target":{"@type":"EntryPoint","urlTemplate":"https:\/\/gnostx.com\/wp_gnostx\/?s={search_term_string}"},"query-input":{"@type":"PropertyValueSpecification","valueRequired":true,"valueName":"search_term_string"}}],"inLanguage":"de"},{"@type":"Organization","@id":"https:\/\/gnostx.com\/wp_gnostx\/#organization","name":"GnostX GmbH","url":"https:\/\/gnostx.com\/wp_gnostx\/","logo":{"@type":"ImageObject","inLanguage":"de","@id":"https:\/\/gnostx.com\/wp_gnostx\/#\/schema\/logo\/image\/","url":"https:\/\/gnostx.com\/wp_gnostx\/wp-content\/uploads\/2017\/08\/cropped-logo_beschnitten.png","contentUrl":"https:\/\/gnostx.com\/wp_gnostx\/wp-content\/uploads\/2017\/08\/cropped-logo_beschnitten.png","width":250,"height":250,"caption":"GnostX GmbH"},"image":{"@id":"https:\/\/gnostx.com\/wp_gnostx\/#\/schema\/logo\/image\/"}}]}},"_links":{"self":[{"href":"https:\/\/gnostx.com\/wp_gnostx\/wp-json\/wp\/v2\/pages\/16","targetHints":{"allow":["GET"]}}],"collection":[{"href":"https:\/\/gnostx.com\/wp_gnostx\/wp-json\/wp\/v2\/pages"}],"about":[{"href":"https:\/\/gnostx.com\/wp_gnostx\/wp-json\/wp\/v2\/types\/page"}],"author":[{"embeddable":true,"href":"https:\/\/gnostx.com\/wp_gnostx\/wp-json\/wp\/v2\/users\/1"}],"replies":[{"embeddable":true,"href":"https:\/\/gnostx.com\/wp_gnostx\/wp-json\/wp\/v2\/comments?post=16"}],"version-history":[{"count":16,"href":"https:\/\/gnostx.com\/wp_gnostx\/wp-json\/wp\/v2\/pages\/16\/revisions"}],"predecessor-version":[{"id":211,"href":"https:\/\/gnostx.com\/wp_gnostx\/wp-json\/wp\/v2\/pages\/16\/revisions\/211"}],"up":[{"embeddable":true,"href":"https:\/\/gnostx.com\/wp_gnostx\/wp-json\/wp\/v2\/pages\/9"}],"wp:attachment":[{"href":"https:\/\/gnostx.com\/wp_gnostx\/wp-json\/wp\/v2\/media?parent=16"}],"curies":[{"name":"wp","href":"https:\/\/api.w.org\/{rel}","templated":true}]}}