{"id":18,"date":"2017-08-05T13:03:52","date_gmt":"2017-08-05T13:03:52","guid":{"rendered":"https:\/\/gnostx.com\/wp_gnostx\/?page_id=18"},"modified":"2023-03-05T15:57:25","modified_gmt":"2023-03-05T15:57:25","slug":"dienstleistungen","status":"publish","type":"page","link":"https:\/\/gnostx.com\/wp_gnostx\/dienstleistungen\/","title":{"rendered":"Dienstleistungen"},"content":{"rendered":"<p>GnostX GmbH bietet Dienstleistungen in den Bereichen IT,\u00a0 Projekte, Prozesse und Innovation an:<\/p>\n<h2>Strategische Ebene<\/h2>\n<ul>\n<li>Management auf Zeit<\/li>\n<li>Strategische IT Beratung<\/li>\n<li>Organisationsentwicklung<\/li>\n<li>Unterst\u00fctzung bei Sourcing<\/li>\n<li>Strategische Entscheidunterst\u00fctzung<\/li>\n<li>Open Source Beratung<\/li>\n<li>WTO-Beschaffungen<\/li>\n<\/ul>\n<h2>Projekte und Entwicklung<\/h2>\n<ul>\n<li>Projektmanagement<\/li>\n<li>Projekt Audits und Beratung<\/li>\n<li>Business Analyse<\/li>\n<li>Softwareentwicklung (Werke)<\/li>\n<li>Requirements Engineering<\/li>\n<li>Testmanagement<\/li>\n<\/ul>\n<h2>Prozesse<\/h2>\n<ul>\n<li>Prozessoptimierung<\/li>\n<li>Change Management<\/li>\n<\/ul>\n<h2>Wie erbringen wir Dienstleistungen?<\/h2>\n<p>GnostX GmbH erbringt die Dienstleistungen mit eigenen Mitarbeitenden oder greift auf ein Netzwerk von Leuten und Firmen zu, mit denen wir in der Vergangenheit gute Erfahrungen gemacht haben.<\/p>\n<p>Qualit\u00e4t ist bei uns nicht nur ein Schlagwort, sondern in die Abl\u00e4ufe eingebaut.<\/p>\n","protected":false},"excerpt":{"rendered":"<p>GnostX GmbH bietet Dienstleistungen in den Bereichen IT,\u00a0 Projekte, Prozesse und Innovation an: Strategische Ebene Management auf Zeit Strategische IT Beratung Organisationsentwicklung Unterst\u00fctzung bei Sourcing Strategische Entscheidunterst\u00fctzung Open Source Beratung WTO-Beschaffungen Projekte und Entwicklung Projektmanagement Projekt Audits und Beratung Business Analyse Softwareentwicklung (Werke) Requirements Engineering Testmanagement Prozesse Prozessoptimierung Change Management Wie erbringen wir Dienstleistungen? GnostX &hellip; <\/p>\n<p class=\"link-more\"><a href=\"https:\/\/gnostx.com\/wp_gnostx\/dienstleistungen\/\" class=\"more-link\"><span class=\"screen-reader-text\">\u201eDienstleistungen\u201c <\/span>weiterlesen<\/a><\/p>\n","protected":false},"author":1,"featured_media":0,"parent":0,"menu_order":0,"comment_status":"closed","ping_status":"closed","template":"","meta":{"footnotes":""},"class_list":["post-18","page","type-page","status-publish","hentry"],"yoast_head":"<!-- This site is optimized with the Yoast SEO plugin v27.4 - https:\/\/yoast.com\/product\/yoast-seo-wordpress\/ -->\n<title>GnostX GmbH - Dienstleistungen | IT Projekte und Prozesse<\/title>\n<meta name=\"description\" content=\"GnostX GmbH bietet Dienstleistungen in den Bereichen IT, Projekte, Prozesse und Innovation an. Wenn Ihre Organisation nicht sehr viele Projekte durchf\u00fchrt oder ein spezielles Projekt mit sehr hohen Anforderungen durchf\u00fchrt, so ist es sinnvoll, wenn der Projektleiter methodisch und fachlich unterst\u00fctzt wird.\" \/>\n<meta name=\"robots\" content=\"index, follow, max-snippet:-1, max-image-preview:large, max-video-preview:-1\" \/>\n<link rel=\"canonical\" href=\"https:\/\/gnostx.com\/wp_gnostx\/dienstleistungen\/\" \/>\n<meta property=\"og:locale\" content=\"de_DE\" \/>\n<meta property=\"og:type\" content=\"article\" \/>\n<meta property=\"og:title\" content=\"GnostX GmbH - Dienstleistungen | IT Projekte und Prozesse\" \/>\n<meta property=\"og:description\" content=\"GnostX GmbH bietet Dienstleistungen in den Bereichen IT, Projekte, Prozesse und Innovation an. Wenn Ihre Organisation nicht sehr viele Projekte durchf\u00fchrt oder ein spezielles Projekt mit sehr hohen Anforderungen durchf\u00fchrt, so ist es sinnvoll, wenn der Projektleiter methodisch und fachlich unterst\u00fctzt wird.\" \/>\n<meta property=\"og:url\" content=\"https:\/\/gnostx.com\/wp_gnostx\/dienstleistungen\/\" \/>\n<meta property=\"og:site_name\" content=\"GnostX GmbH\" \/>\n<meta property=\"article:modified_time\" content=\"2023-03-05T15:57:25+00:00\" \/>\n<meta name=\"twitter:card\" content=\"summary_large_image\" \/>\n<meta name=\"twitter:label1\" content=\"Gesch\u00e4tzte Lesezeit\" \/>\n\t<meta name=\"twitter:data1\" content=\"2\u00a0Minuten\" \/>\n<script type=\"application\/ld+json\" class=\"yoast-schema-graph\">{\"@context\":\"https:\\\/\\\/schema.org\",\"@graph\":[{\"@type\":\"WebPage\",\"@id\":\"https:\\\/\\\/gnostx.com\\\/wp_gnostx\\\/dienstleistungen\\\/\",\"url\":\"https:\\\/\\\/gnostx.com\\\/wp_gnostx\\\/dienstleistungen\\\/\",\"name\":\"GnostX GmbH - Dienstleistungen | IT Projekte und Prozesse\",\"isPartOf\":{\"@id\":\"https:\\\/\\\/gnostx.com\\\/wp_gnostx\\\/#website\"},\"datePublished\":\"2017-08-05T13:03:52+00:00\",\"dateModified\":\"2023-03-05T15:57:25+00:00\",\"description\":\"GnostX GmbH bietet Dienstleistungen in den Bereichen IT, Projekte, Prozesse und Innovation an. Wenn Ihre Organisation nicht sehr viele Projekte durchf\u00fchrt oder ein spezielles Projekt mit sehr hohen Anforderungen durchf\u00fchrt, so ist es sinnvoll, wenn der Projektleiter methodisch und fachlich unterst\u00fctzt wird.\",\"breadcrumb\":{\"@id\":\"https:\\\/\\\/gnostx.com\\\/wp_gnostx\\\/dienstleistungen\\\/#breadcrumb\"},\"inLanguage\":\"de\",\"potentialAction\":[{\"@type\":\"ReadAction\",\"target\":[\"https:\\\/\\\/gnostx.com\\\/wp_gnostx\\\/dienstleistungen\\\/\"]}]},{\"@type\":\"BreadcrumbList\",\"@id\":\"https:\\\/\\\/gnostx.com\\\/wp_gnostx\\\/dienstleistungen\\\/#breadcrumb\",\"itemListElement\":[{\"@type\":\"ListItem\",\"position\":1,\"name\":\"Startseite\",\"item\":\"https:\\\/\\\/gnostx.com\\\/wp_gnostx\\\/\"},{\"@type\":\"ListItem\",\"position\":2,\"name\":\"Dienstleistungen\"}]},{\"@type\":\"WebSite\",\"@id\":\"https:\\\/\\\/gnostx.com\\\/wp_gnostx\\\/#website\",\"url\":\"https:\\\/\\\/gnostx.com\\\/wp_gnostx\\\/\",\"name\":\"GnostX GmbH\",\"description\":\"f\u00fcr IT-Manager\",\"publisher\":{\"@id\":\"https:\\\/\\\/gnostx.com\\\/wp_gnostx\\\/#organization\"},\"potentialAction\":[{\"@type\":\"SearchAction\",\"target\":{\"@type\":\"EntryPoint\",\"urlTemplate\":\"https:\\\/\\\/gnostx.com\\\/wp_gnostx\\\/?s={search_term_string}\"},\"query-input\":{\"@type\":\"PropertyValueSpecification\",\"valueRequired\":true,\"valueName\":\"search_term_string\"}}],\"inLanguage\":\"de\"},{\"@type\":\"Organization\",\"@id\":\"https:\\\/\\\/gnostx.com\\\/wp_gnostx\\\/#organization\",\"name\":\"GnostX GmbH\",\"url\":\"https:\\\/\\\/gnostx.com\\\/wp_gnostx\\\/\",\"logo\":{\"@type\":\"ImageObject\",\"inLanguage\":\"de\",\"@id\":\"https:\\\/\\\/gnostx.com\\\/wp_gnostx\\\/#\\\/schema\\\/logo\\\/image\\\/\",\"url\":\"https:\\\/\\\/gnostx.com\\\/wp_gnostx\\\/wp-content\\\/uploads\\\/2017\\\/08\\\/cropped-logo_beschnitten.png\",\"contentUrl\":\"https:\\\/\\\/gnostx.com\\\/wp_gnostx\\\/wp-content\\\/uploads\\\/2017\\\/08\\\/cropped-logo_beschnitten.png\",\"width\":250,\"height\":250,\"caption\":\"GnostX GmbH\"},\"image\":{\"@id\":\"https:\\\/\\\/gnostx.com\\\/wp_gnostx\\\/#\\\/schema\\\/logo\\\/image\\\/\"}}]}<\/script>\n<!-- \/ Yoast SEO plugin. -->","yoast_head_json":{"title":"GnostX GmbH - Dienstleistungen | IT Projekte und Prozesse","description":"GnostX GmbH bietet Dienstleistungen in den Bereichen IT, Projekte, Prozesse und Innovation an. Wenn Ihre Organisation nicht sehr viele Projekte durchf\u00fchrt oder ein spezielles Projekt mit sehr hohen Anforderungen durchf\u00fchrt, so ist es sinnvoll, wenn der Projektleiter methodisch und fachlich unterst\u00fctzt wird.","robots":{"index":"index","follow":"follow","max-snippet":"max-snippet:-1","max-image-preview":"max-image-preview:large","max-video-preview":"max-video-preview:-1"},"canonical":"https:\/\/gnostx.com\/wp_gnostx\/dienstleistungen\/","og_locale":"de_DE","og_type":"article","og_title":"GnostX GmbH - Dienstleistungen | IT Projekte und Prozesse","og_description":"GnostX GmbH bietet Dienstleistungen in den Bereichen IT, Projekte, Prozesse und Innovation an. Wenn Ihre Organisation nicht sehr viele Projekte durchf\u00fchrt oder ein spezielles Projekt mit sehr hohen Anforderungen durchf\u00fchrt, so ist es sinnvoll, wenn der Projektleiter methodisch und fachlich unterst\u00fctzt wird.","og_url":"https:\/\/gnostx.com\/wp_gnostx\/dienstleistungen\/","og_site_name":"GnostX GmbH","article_modified_time":"2023-03-05T15:57:25+00:00","twitter_card":"summary_large_image","twitter_misc":{"Gesch\u00e4tzte Lesezeit":"2\u00a0Minuten"},"schema":{"@context":"https:\/\/schema.org","@graph":[{"@type":"WebPage","@id":"https:\/\/gnostx.com\/wp_gnostx\/dienstleistungen\/","url":"https:\/\/gnostx.com\/wp_gnostx\/dienstleistungen\/","name":"GnostX GmbH - Dienstleistungen | IT Projekte und Prozesse","isPartOf":{"@id":"https:\/\/gnostx.com\/wp_gnostx\/#website"},"datePublished":"2017-08-05T13:03:52+00:00","dateModified":"2023-03-05T15:57:25+00:00","description":"GnostX GmbH bietet Dienstleistungen in den Bereichen IT, Projekte, Prozesse und Innovation an. Wenn Ihre Organisation nicht sehr viele Projekte durchf\u00fchrt oder ein spezielles Projekt mit sehr hohen Anforderungen durchf\u00fchrt, so ist es sinnvoll, wenn der Projektleiter methodisch und fachlich unterst\u00fctzt wird.","breadcrumb":{"@id":"https:\/\/gnostx.com\/wp_gnostx\/dienstleistungen\/#breadcrumb"},"inLanguage":"de","potentialAction":[{"@type":"ReadAction","target":["https:\/\/gnostx.com\/wp_gnostx\/dienstleistungen\/"]}]},{"@type":"BreadcrumbList","@id":"https:\/\/gnostx.com\/wp_gnostx\/dienstleistungen\/#breadcrumb","itemListElement":[{"@type":"ListItem","position":1,"name":"Startseite","item":"https:\/\/gnostx.com\/wp_gnostx\/"},{"@type":"ListItem","position":2,"name":"Dienstleistungen"}]},{"@type":"WebSite","@id":"https:\/\/gnostx.com\/wp_gnostx\/#website","url":"https:\/\/gnostx.com\/wp_gnostx\/","name":"GnostX GmbH","description":"f\u00fcr IT-Manager","publisher":{"@id":"https:\/\/gnostx.com\/wp_gnostx\/#organization"},"potentialAction":[{"@type":"SearchAction","target":{"@type":"EntryPoint","urlTemplate":"https:\/\/gnostx.com\/wp_gnostx\/?s={search_term_string}"},"query-input":{"@type":"PropertyValueSpecification","valueRequired":true,"valueName":"search_term_string"}}],"inLanguage":"de"},{"@type":"Organization","@id":"https:\/\/gnostx.com\/wp_gnostx\/#organization","name":"GnostX GmbH","url":"https:\/\/gnostx.com\/wp_gnostx\/","logo":{"@type":"ImageObject","inLanguage":"de","@id":"https:\/\/gnostx.com\/wp_gnostx\/#\/schema\/logo\/image\/","url":"https:\/\/gnostx.com\/wp_gnostx\/wp-content\/uploads\/2017\/08\/cropped-logo_beschnitten.png","contentUrl":"https:\/\/gnostx.com\/wp_gnostx\/wp-content\/uploads\/2017\/08\/cropped-logo_beschnitten.png","width":250,"height":250,"caption":"GnostX GmbH"},"image":{"@id":"https:\/\/gnostx.com\/wp_gnostx\/#\/schema\/logo\/image\/"}}]}},"_links":{"self":[{"href":"https:\/\/gnostx.com\/wp_gnostx\/wp-json\/wp\/v2\/pages\/18","targetHints":{"allow":["GET"]}}],"collection":[{"href":"https:\/\/gnostx.com\/wp_gnostx\/wp-json\/wp\/v2\/pages"}],"about":[{"href":"https:\/\/gnostx.com\/wp_gnostx\/wp-json\/wp\/v2\/types\/page"}],"author":[{"embeddable":true,"href":"https:\/\/gnostx.com\/wp_gnostx\/wp-json\/wp\/v2\/users\/1"}],"replies":[{"embeddable":true,"href":"https:\/\/gnostx.com\/wp_gnostx\/wp-json\/wp\/v2\/comments?post=18"}],"version-history":[{"count":5,"href":"https:\/\/gnostx.com\/wp_gnostx\/wp-json\/wp\/v2\/pages\/18\/revisions"}],"predecessor-version":[{"id":272,"href":"https:\/\/gnostx.com\/wp_gnostx\/wp-json\/wp\/v2\/pages\/18\/revisions\/272"}],"wp:attachment":[{"href":"https:\/\/gnostx.com\/wp_gnostx\/wp-json\/wp\/v2\/media?parent=18"}],"curies":[{"name":"wp","href":"https:\/\/api.w.org\/{rel}","templated":true}]}}