{"id":20,"date":"2017-08-05T13:04:12","date_gmt":"2017-08-05T13:04:12","guid":{"rendered":"https:\/\/gnostx.com\/wp_gnostx\/?page_id=20"},"modified":"2023-03-05T16:09:16","modified_gmt":"2023-03-05T16:09:16","slug":"kurse","status":"publish","type":"page","link":"https:\/\/gnostx.com\/wp_gnostx\/kurse\/","title":{"rendered":"Kurse"},"content":{"rendered":"<p>GnostX GmbH bietet im Moment folgenden Kurs an.<\/p>\n<h1>OGD &#8211; Workshop: Erste Durchsicht<\/h1>\n<p>Mit einem eint\u00e4gigen Workshop wird geschaut, welche Daten als OGD in einem Amt vorhanden sind und was bei der Freigabe zu beachten ist. Es wird auch Wert darauf gelegt, dass die Freigabe von Daten in die bestehenden Prozesse und Systeme eingef\u00fcgt werden.<\/p>\n<h2>Inhalt<\/h2>\n<ul>\n<li>Was ist Open Government Data?<\/li>\n<li>\u00dcbersicht m\u00f6gliche Daten Amt<\/li>\n<li>Was wurde bereits gemacht?<\/li>\n<li>Relevante Checklisten<\/li>\n<li>Durchspielen von 1-2 Beispielen<\/li>\n<\/ul>\n<h2>F\u00fcr wen ist der Workshop sinnvoll?<\/h2>\n<p>Sie&#8230;<\/p>\n<ul>\n<li>sind neu verantwortlich f\u00fcr Open Governnment Data in ihrer Organisaiton.<\/li>\n<li>sie wollen einen ersten \u00dcberblick gewinnen \u00fcber OGD in ihrer Organisation<\/li>\n<li>Sie wollen wissen, wie sie vorgehen sollen.<\/li>\n<\/ul>\n<h2>Unterlagen<\/h2>\n<p>n\/a<\/p>\n<div id=\"block-29b4e4f3-24d3-435a-bded-240dc880a5b3\" class=\"block-editor-block-list__block wp-block wp-block-freeform\" tabindex=\"0\" role=\"document\" aria-label=\"Block: Classic\" data-block=\"29b4e4f3-24d3-435a-bded-240dc880a5b3\" data-type=\"core\/freeform\" data-title=\"Classic\">\n<div id=\"editor-29b4e4f3-24d3-435a-bded-240dc880a5b3\" class=\"wp-block-freeform block-library-rich-text__tinymce mce-content-body html5-captions mce-edit-focus\" contenteditable=\"true\">\n<h1>Workshop Kundenrolle in IT-Projekten (1 Tag)<\/h1>\n<p>Der Kunde ist die Schl\u00fcsselrolle in IT-Projekten. Er steuert das Projekt und muss das Resultat im Fachbereich einf\u00fchren. W\u00e4hrend Projektleiter und Entwickler speziell ausgebildet sind, werden Kunden zu oft ohne gen\u00fcgende Ausbildung ins kalte Wasser geworfen. Der Workshop liefert Ihnen einen Einblick in die wichtigsten F\u00e4higkeiten und das Denken der IT-Spezialisten.<\/p>\n<h2>Inhalt<\/h2>\n<ul>\n<li>Was wird als Projekt bezeichnet?<\/li>\n<li>Was versteht man unter einer Projektmanagement-Methode?<\/li>\n<li>Von welchen Projekten sprechen wir?<\/li>\n<li>Welche Abl\u00e4ufe sind f\u00fcr Sie als Kunde wichtig?<\/li>\n<li>Wie stellt man sicher, dass fertig auch wirklich fertig heisst?<\/li>\n<li>Meilensteine, Deliverables und Quality-Gates: Auf was ist zu achten?<\/li>\n<li>Wer ist in den einzelnen Phasen wof\u00fcr verantwortlich?<\/li>\n<li>Stellung des Auftraggebers respektive Kunden<\/li>\n<li>Ertragsoptimierung in Projekten<\/li>\n<li>Fortlaufende Prozesse<\/li>\n<li>Die Bedeutung des Projektauftrags<\/li>\n<li>Projektrollen<\/li>\n<li>Tipps und Tricks<\/li>\n<\/ul>\n<h2>F\u00fcr wen ist der Workshop sinnvoll?<\/h2>\n<p>Sie&#8230;<\/p>\n<ul>\n<li>sind neu Kunde in einem wichtigen Projekt.<\/li>\n<li>vertreten neu in Projektaussch\u00fcssen wichtiger Projekte Ihrer Firma.<\/li>\n<li>haben viel Kontakt mit der Informatikabteilung Ihrer Firma, sind aber selber kein Informatiker.<\/li>\n<li>sind beauftragt, eine neue Anwendung in Ihrem Fachbereich einzuf\u00fchren<\/li>\n<\/ul>\n<h2>Unterlagen<\/h2>\n<p><a href=\"https:\/\/gnostx.com\/wp_gnostx\/wp-content\/uploads\/2017\/08\/Flyer_workshop.pdf\" target=\"_blank\" rel=\"noopener\">Laden Sie den Flyer herunter<\/a><\/p>\n<p>Der Kurs kann als Firmenkurs gebucht werden.<\/p>\n<\/div>\n<\/div>\n<div class=\"block-list-appender wp-block\" tabindex=\"-1\" contenteditable=\"false\" data-block=\"true\">\n<div class=\"block-editor-default-block-appender\" data-root-client-id=\"\">\n<p class=\"block-editor-default-block-appender__content\" tabindex=\"0\" role=\"button\" aria-label=\"Standard-Block hinzuf\u00fcgen\">\n<\/div>\n<\/div>\n","protected":false},"excerpt":{"rendered":"<p>GnostX GmbH bietet im Moment folgenden Kurs an. OGD &#8211; Workshop: Erste Durchsicht Mit einem eint\u00e4gigen Workshop wird geschaut, welche Daten als OGD in einem Amt vorhanden sind und was bei der Freigabe zu beachten ist. Es wird auch Wert darauf gelegt, dass die Freigabe von Daten in die bestehenden Prozesse und Systeme eingef\u00fcgt werden. &hellip; <\/p>\n<p class=\"link-more\"><a href=\"https:\/\/gnostx.com\/wp_gnostx\/kurse\/\" class=\"more-link\"><span class=\"screen-reader-text\">\u201eKurse\u201c <\/span>weiterlesen<\/a><\/p>\n","protected":false},"author":1,"featured_media":0,"parent":0,"menu_order":0,"comment_status":"closed","ping_status":"closed","template":"","meta":{"footnotes":""},"class_list":["post-20","page","type-page","status-publish","hentry"],"yoast_head":"<!-- This site is optimized with the Yoast SEO plugin v27.3 - https:\/\/yoast.com\/product\/yoast-seo-wordpress\/ -->\n<title>GnostX GmbH | Workshop Kundenrolle in IT-Projekten<\/title>\n<meta name=\"description\" content=\"Der Kunde ist die Schl\u00fcsselrolle in IT-Projekten. Er steuert das Projekt und muss das Resultat im Fachbereich einf\u00fchren. Kunden werden zu oft ohne gen\u00fcgende Ausbildung ins kalte Wasser geworfen. Der Workshop liefert Ihnen einen Einblick in die wichtigsten F\u00e4higkeiten und das Denken der IT-Spezialisten.\" \/>\n<meta name=\"robots\" content=\"index, follow, max-snippet:-1, max-image-preview:large, max-video-preview:-1\" \/>\n<link rel=\"canonical\" href=\"https:\/\/gnostx.com\/wp_gnostx\/kurse\/\" \/>\n<meta property=\"og:locale\" content=\"de_DE\" \/>\n<meta property=\"og:type\" content=\"article\" \/>\n<meta property=\"og:title\" content=\"GnostX GmbH | Workshop Kundenrolle in IT-Projekten\" \/>\n<meta property=\"og:description\" content=\"Der Kunde ist die Schl\u00fcsselrolle in IT-Projekten. Er steuert das Projekt und muss das Resultat im Fachbereich einf\u00fchren. Kunden werden zu oft ohne gen\u00fcgende Ausbildung ins kalte Wasser geworfen. Der Workshop liefert Ihnen einen Einblick in die wichtigsten F\u00e4higkeiten und das Denken der IT-Spezialisten.\" \/>\n<meta property=\"og:url\" content=\"https:\/\/gnostx.com\/wp_gnostx\/kurse\/\" \/>\n<meta property=\"og:site_name\" content=\"GnostX GmbH\" \/>\n<meta property=\"article:modified_time\" content=\"2023-03-05T16:09:16+00:00\" \/>\n<meta name=\"twitter:card\" content=\"summary_large_image\" \/>\n<meta name=\"twitter:label1\" content=\"Gesch\u00e4tzte Lesezeit\" \/>\n\t<meta name=\"twitter:data1\" content=\"2\u00a0Minuten\" \/>\n<script type=\"application\/ld+json\" class=\"yoast-schema-graph\">{\"@context\":\"https:\\\/\\\/schema.org\",\"@graph\":[{\"@type\":\"WebPage\",\"@id\":\"https:\\\/\\\/gnostx.com\\\/wp_gnostx\\\/kurse\\\/\",\"url\":\"https:\\\/\\\/gnostx.com\\\/wp_gnostx\\\/kurse\\\/\",\"name\":\"GnostX GmbH | Workshop Kundenrolle in IT-Projekten\",\"isPartOf\":{\"@id\":\"https:\\\/\\\/gnostx.com\\\/wp_gnostx\\\/#website\"},\"datePublished\":\"2017-08-05T13:04:12+00:00\",\"dateModified\":\"2023-03-05T16:09:16+00:00\",\"description\":\"Der Kunde ist die Schl\u00fcsselrolle in IT-Projekten. Er steuert das Projekt und muss das Resultat im Fachbereich einf\u00fchren. Kunden werden zu oft ohne gen\u00fcgende Ausbildung ins kalte Wasser geworfen. Der Workshop liefert Ihnen einen Einblick in die wichtigsten F\u00e4higkeiten und das Denken der IT-Spezialisten.\",\"breadcrumb\":{\"@id\":\"https:\\\/\\\/gnostx.com\\\/wp_gnostx\\\/kurse\\\/#breadcrumb\"},\"inLanguage\":\"de\",\"potentialAction\":[{\"@type\":\"ReadAction\",\"target\":[\"https:\\\/\\\/gnostx.com\\\/wp_gnostx\\\/kurse\\\/\"]}]},{\"@type\":\"BreadcrumbList\",\"@id\":\"https:\\\/\\\/gnostx.com\\\/wp_gnostx\\\/kurse\\\/#breadcrumb\",\"itemListElement\":[{\"@type\":\"ListItem\",\"position\":1,\"name\":\"Startseite\",\"item\":\"https:\\\/\\\/gnostx.com\\\/wp_gnostx\\\/\"},{\"@type\":\"ListItem\",\"position\":2,\"name\":\"Kurse\"}]},{\"@type\":\"WebSite\",\"@id\":\"https:\\\/\\\/gnostx.com\\\/wp_gnostx\\\/#website\",\"url\":\"https:\\\/\\\/gnostx.com\\\/wp_gnostx\\\/\",\"name\":\"GnostX GmbH\",\"description\":\"f\u00fcr IT-Manager\",\"publisher\":{\"@id\":\"https:\\\/\\\/gnostx.com\\\/wp_gnostx\\\/#organization\"},\"potentialAction\":[{\"@type\":\"SearchAction\",\"target\":{\"@type\":\"EntryPoint\",\"urlTemplate\":\"https:\\\/\\\/gnostx.com\\\/wp_gnostx\\\/?s={search_term_string}\"},\"query-input\":{\"@type\":\"PropertyValueSpecification\",\"valueRequired\":true,\"valueName\":\"search_term_string\"}}],\"inLanguage\":\"de\"},{\"@type\":\"Organization\",\"@id\":\"https:\\\/\\\/gnostx.com\\\/wp_gnostx\\\/#organization\",\"name\":\"GnostX GmbH\",\"url\":\"https:\\\/\\\/gnostx.com\\\/wp_gnostx\\\/\",\"logo\":{\"@type\":\"ImageObject\",\"inLanguage\":\"de\",\"@id\":\"https:\\\/\\\/gnostx.com\\\/wp_gnostx\\\/#\\\/schema\\\/logo\\\/image\\\/\",\"url\":\"https:\\\/\\\/gnostx.com\\\/wp_gnostx\\\/wp-content\\\/uploads\\\/2017\\\/08\\\/cropped-logo_beschnitten.png\",\"contentUrl\":\"https:\\\/\\\/gnostx.com\\\/wp_gnostx\\\/wp-content\\\/uploads\\\/2017\\\/08\\\/cropped-logo_beschnitten.png\",\"width\":250,\"height\":250,\"caption\":\"GnostX GmbH\"},\"image\":{\"@id\":\"https:\\\/\\\/gnostx.com\\\/wp_gnostx\\\/#\\\/schema\\\/logo\\\/image\\\/\"}}]}<\/script>\n<!-- \/ Yoast SEO plugin. -->","yoast_head_json":{"title":"GnostX GmbH | Workshop Kundenrolle in IT-Projekten","description":"Der Kunde ist die Schl\u00fcsselrolle in IT-Projekten. Er steuert das Projekt und muss das Resultat im Fachbereich einf\u00fchren. Kunden werden zu oft ohne gen\u00fcgende Ausbildung ins kalte Wasser geworfen. Der Workshop liefert Ihnen einen Einblick in die wichtigsten F\u00e4higkeiten und das Denken der IT-Spezialisten.","robots":{"index":"index","follow":"follow","max-snippet":"max-snippet:-1","max-image-preview":"max-image-preview:large","max-video-preview":"max-video-preview:-1"},"canonical":"https:\/\/gnostx.com\/wp_gnostx\/kurse\/","og_locale":"de_DE","og_type":"article","og_title":"GnostX GmbH | Workshop Kundenrolle in IT-Projekten","og_description":"Der Kunde ist die Schl\u00fcsselrolle in IT-Projekten. Er steuert das Projekt und muss das Resultat im Fachbereich einf\u00fchren. Kunden werden zu oft ohne gen\u00fcgende Ausbildung ins kalte Wasser geworfen. Der Workshop liefert Ihnen einen Einblick in die wichtigsten F\u00e4higkeiten und das Denken der IT-Spezialisten.","og_url":"https:\/\/gnostx.com\/wp_gnostx\/kurse\/","og_site_name":"GnostX GmbH","article_modified_time":"2023-03-05T16:09:16+00:00","twitter_card":"summary_large_image","twitter_misc":{"Gesch\u00e4tzte Lesezeit":"2\u00a0Minuten"},"schema":{"@context":"https:\/\/schema.org","@graph":[{"@type":"WebPage","@id":"https:\/\/gnostx.com\/wp_gnostx\/kurse\/","url":"https:\/\/gnostx.com\/wp_gnostx\/kurse\/","name":"GnostX GmbH | Workshop Kundenrolle in IT-Projekten","isPartOf":{"@id":"https:\/\/gnostx.com\/wp_gnostx\/#website"},"datePublished":"2017-08-05T13:04:12+00:00","dateModified":"2023-03-05T16:09:16+00:00","description":"Der Kunde ist die Schl\u00fcsselrolle in IT-Projekten. Er steuert das Projekt und muss das Resultat im Fachbereich einf\u00fchren. Kunden werden zu oft ohne gen\u00fcgende Ausbildung ins kalte Wasser geworfen. Der Workshop liefert Ihnen einen Einblick in die wichtigsten F\u00e4higkeiten und das Denken der IT-Spezialisten.","breadcrumb":{"@id":"https:\/\/gnostx.com\/wp_gnostx\/kurse\/#breadcrumb"},"inLanguage":"de","potentialAction":[{"@type":"ReadAction","target":["https:\/\/gnostx.com\/wp_gnostx\/kurse\/"]}]},{"@type":"BreadcrumbList","@id":"https:\/\/gnostx.com\/wp_gnostx\/kurse\/#breadcrumb","itemListElement":[{"@type":"ListItem","position":1,"name":"Startseite","item":"https:\/\/gnostx.com\/wp_gnostx\/"},{"@type":"ListItem","position":2,"name":"Kurse"}]},{"@type":"WebSite","@id":"https:\/\/gnostx.com\/wp_gnostx\/#website","url":"https:\/\/gnostx.com\/wp_gnostx\/","name":"GnostX GmbH","description":"f\u00fcr IT-Manager","publisher":{"@id":"https:\/\/gnostx.com\/wp_gnostx\/#organization"},"potentialAction":[{"@type":"SearchAction","target":{"@type":"EntryPoint","urlTemplate":"https:\/\/gnostx.com\/wp_gnostx\/?s={search_term_string}"},"query-input":{"@type":"PropertyValueSpecification","valueRequired":true,"valueName":"search_term_string"}}],"inLanguage":"de"},{"@type":"Organization","@id":"https:\/\/gnostx.com\/wp_gnostx\/#organization","name":"GnostX GmbH","url":"https:\/\/gnostx.com\/wp_gnostx\/","logo":{"@type":"ImageObject","inLanguage":"de","@id":"https:\/\/gnostx.com\/wp_gnostx\/#\/schema\/logo\/image\/","url":"https:\/\/gnostx.com\/wp_gnostx\/wp-content\/uploads\/2017\/08\/cropped-logo_beschnitten.png","contentUrl":"https:\/\/gnostx.com\/wp_gnostx\/wp-content\/uploads\/2017\/08\/cropped-logo_beschnitten.png","width":250,"height":250,"caption":"GnostX GmbH"},"image":{"@id":"https:\/\/gnostx.com\/wp_gnostx\/#\/schema\/logo\/image\/"}}]}},"_links":{"self":[{"href":"https:\/\/gnostx.com\/wp_gnostx\/wp-json\/wp\/v2\/pages\/20","targetHints":{"allow":["GET"]}}],"collection":[{"href":"https:\/\/gnostx.com\/wp_gnostx\/wp-json\/wp\/v2\/pages"}],"about":[{"href":"https:\/\/gnostx.com\/wp_gnostx\/wp-json\/wp\/v2\/types\/page"}],"author":[{"embeddable":true,"href":"https:\/\/gnostx.com\/wp_gnostx\/wp-json\/wp\/v2\/users\/1"}],"replies":[{"embeddable":true,"href":"https:\/\/gnostx.com\/wp_gnostx\/wp-json\/wp\/v2\/comments?post=20"}],"version-history":[{"count":21,"href":"https:\/\/gnostx.com\/wp_gnostx\/wp-json\/wp\/v2\/pages\/20\/revisions"}],"predecessor-version":[{"id":277,"href":"https:\/\/gnostx.com\/wp_gnostx\/wp-json\/wp\/v2\/pages\/20\/revisions\/277"}],"wp:attachment":[{"href":"https:\/\/gnostx.com\/wp_gnostx\/wp-json\/wp\/v2\/media?parent=20"}],"curies":[{"name":"wp","href":"https:\/\/api.w.org\/{rel}","templated":true}]}}