{"id":22,"date":"2017-08-05T13:04:31","date_gmt":"2017-08-05T13:04:31","guid":{"rendered":"https:\/\/gnostx.com\/wp_gnostx\/?page_id=22"},"modified":"2023-03-05T16:03:03","modified_gmt":"2023-03-05T16:03:03","slug":"referenzen","status":"publish","type":"page","link":"https:\/\/gnostx.com\/wp_gnostx\/about\/referenzen\/","title":{"rendered":"Referenzen"},"content":{"rendered":"<h1>GnostX GmbH war t\u00e4tig f\u00fcr:<\/h1>\n<ul>\n<li>Bahnunternehmen<\/li>\n<li>Finanzunternehmen<\/li>\n<li>\u00f6ffentliche Hand<\/li>\n<li>Startups<\/li>\n<li>Non-profit Unternehmen<\/li>\n<\/ul>\n<p>Details zu Referenzen &#8211; soweit von den Kunden erlaubt &#8211; werden beim pers\u00f6nlichen Gespr\u00e4ch\u00a0 erl\u00e4utert.<\/p>\n<h2><\/h2>\n","protected":false},"excerpt":{"rendered":"<p>GnostX GmbH war t\u00e4tig f\u00fcr: Bahnunternehmen Finanzunternehmen \u00f6ffentliche Hand Startups Non-profit Unternehmen Details zu Referenzen &#8211; soweit von den Kunden erlaubt &#8211; werden beim pers\u00f6nlichen Gespr\u00e4ch\u00a0 erl\u00e4utert.<\/p>\n","protected":false},"author":1,"featured_media":0,"parent":131,"menu_order":3,"comment_status":"closed","ping_status":"closed","template":"","meta":{"footnotes":""},"class_list":["post-22","page","type-page","status-publish","hentry"],"yoast_head":"<!-- This site is optimized with the Yoast SEO plugin v27.3 - https:\/\/yoast.com\/product\/yoast-seo-wordpress\/ -->\n<title>GnostX GmbH | Referenzen | Bahnunternemen | Finazunternehmen<\/title>\n<meta name=\"description\" content=\"GnostX GmbH war t\u00e4tig f\u00fcr: Bahnunternehmen, Finanzunternehmen, \u00f6ffentliche Hand, Startups und Non-profit Unternehmen.\" \/>\n<meta name=\"robots\" content=\"index, follow, max-snippet:-1, max-image-preview:large, max-video-preview:-1\" \/>\n<link rel=\"canonical\" href=\"https:\/\/gnostx.com\/wp_gnostx\/about\/referenzen\/\" \/>\n<meta property=\"og:locale\" content=\"de_DE\" \/>\n<meta property=\"og:type\" content=\"article\" \/>\n<meta property=\"og:title\" content=\"GnostX GmbH | Referenzen | Bahnunternemen | Finazunternehmen\" \/>\n<meta property=\"og:description\" content=\"GnostX GmbH war t\u00e4tig f\u00fcr: Bahnunternehmen, Finanzunternehmen, \u00f6ffentliche Hand, Startups und Non-profit Unternehmen.\" \/>\n<meta property=\"og:url\" content=\"https:\/\/gnostx.com\/wp_gnostx\/about\/referenzen\/\" \/>\n<meta property=\"og:site_name\" content=\"GnostX GmbH\" \/>\n<meta property=\"article:modified_time\" content=\"2023-03-05T16:03:03+00:00\" \/>\n<meta name=\"twitter:card\" content=\"summary_large_image\" \/>\n<meta name=\"twitter:label1\" content=\"Gesch\u00e4tzte Lesezeit\" \/>\n\t<meta name=\"twitter:data1\" content=\"1\u00a0Minute\" \/>\n<script type=\"application\/ld+json\" class=\"yoast-schema-graph\">{\"@context\":\"https:\\\/\\\/schema.org\",\"@graph\":[{\"@type\":\"WebPage\",\"@id\":\"https:\\\/\\\/gnostx.com\\\/wp_gnostx\\\/about\\\/referenzen\\\/\",\"url\":\"https:\\\/\\\/gnostx.com\\\/wp_gnostx\\\/about\\\/referenzen\\\/\",\"name\":\"GnostX GmbH | Referenzen | Bahnunternemen | Finazunternehmen\",\"isPartOf\":{\"@id\":\"https:\\\/\\\/gnostx.com\\\/wp_gnostx\\\/#website\"},\"datePublished\":\"2017-08-05T13:04:31+00:00\",\"dateModified\":\"2023-03-05T16:03:03+00:00\",\"description\":\"GnostX GmbH war t\u00e4tig f\u00fcr: Bahnunternehmen, Finanzunternehmen, \u00f6ffentliche Hand, Startups und Non-profit Unternehmen.\",\"breadcrumb\":{\"@id\":\"https:\\\/\\\/gnostx.com\\\/wp_gnostx\\\/about\\\/referenzen\\\/#breadcrumb\"},\"inLanguage\":\"de\",\"potentialAction\":[{\"@type\":\"ReadAction\",\"target\":[\"https:\\\/\\\/gnostx.com\\\/wp_gnostx\\\/about\\\/referenzen\\\/\"]}]},{\"@type\":\"BreadcrumbList\",\"@id\":\"https:\\\/\\\/gnostx.com\\\/wp_gnostx\\\/about\\\/referenzen\\\/#breadcrumb\",\"itemListElement\":[{\"@type\":\"ListItem\",\"position\":1,\"name\":\"Startseite\",\"item\":\"https:\\\/\\\/gnostx.com\\\/wp_gnostx\\\/\"},{\"@type\":\"ListItem\",\"position\":2,\"name\":\"About\",\"item\":\"https:\\\/\\\/gnostx.com\\\/wp_gnostx\\\/about\\\/\"},{\"@type\":\"ListItem\",\"position\":3,\"name\":\"Referenzen\"}]},{\"@type\":\"WebSite\",\"@id\":\"https:\\\/\\\/gnostx.com\\\/wp_gnostx\\\/#website\",\"url\":\"https:\\\/\\\/gnostx.com\\\/wp_gnostx\\\/\",\"name\":\"GnostX GmbH\",\"description\":\"f\u00fcr IT-Manager\",\"publisher\":{\"@id\":\"https:\\\/\\\/gnostx.com\\\/wp_gnostx\\\/#organization\"},\"potentialAction\":[{\"@type\":\"SearchAction\",\"target\":{\"@type\":\"EntryPoint\",\"urlTemplate\":\"https:\\\/\\\/gnostx.com\\\/wp_gnostx\\\/?s={search_term_string}\"},\"query-input\":{\"@type\":\"PropertyValueSpecification\",\"valueRequired\":true,\"valueName\":\"search_term_string\"}}],\"inLanguage\":\"de\"},{\"@type\":\"Organization\",\"@id\":\"https:\\\/\\\/gnostx.com\\\/wp_gnostx\\\/#organization\",\"name\":\"GnostX GmbH\",\"url\":\"https:\\\/\\\/gnostx.com\\\/wp_gnostx\\\/\",\"logo\":{\"@type\":\"ImageObject\",\"inLanguage\":\"de\",\"@id\":\"https:\\\/\\\/gnostx.com\\\/wp_gnostx\\\/#\\\/schema\\\/logo\\\/image\\\/\",\"url\":\"https:\\\/\\\/gnostx.com\\\/wp_gnostx\\\/wp-content\\\/uploads\\\/2017\\\/08\\\/cropped-logo_beschnitten.png\",\"contentUrl\":\"https:\\\/\\\/gnostx.com\\\/wp_gnostx\\\/wp-content\\\/uploads\\\/2017\\\/08\\\/cropped-logo_beschnitten.png\",\"width\":250,\"height\":250,\"caption\":\"GnostX GmbH\"},\"image\":{\"@id\":\"https:\\\/\\\/gnostx.com\\\/wp_gnostx\\\/#\\\/schema\\\/logo\\\/image\\\/\"}}]}<\/script>\n<!-- \/ Yoast SEO plugin. -->","yoast_head_json":{"title":"GnostX GmbH | Referenzen | Bahnunternemen | Finazunternehmen","description":"GnostX GmbH war t\u00e4tig f\u00fcr: Bahnunternehmen, Finanzunternehmen, \u00f6ffentliche Hand, Startups und Non-profit Unternehmen.","robots":{"index":"index","follow":"follow","max-snippet":"max-snippet:-1","max-image-preview":"max-image-preview:large","max-video-preview":"max-video-preview:-1"},"canonical":"https:\/\/gnostx.com\/wp_gnostx\/about\/referenzen\/","og_locale":"de_DE","og_type":"article","og_title":"GnostX GmbH | Referenzen | Bahnunternemen | Finazunternehmen","og_description":"GnostX GmbH war t\u00e4tig f\u00fcr: Bahnunternehmen, Finanzunternehmen, \u00f6ffentliche Hand, Startups und Non-profit Unternehmen.","og_url":"https:\/\/gnostx.com\/wp_gnostx\/about\/referenzen\/","og_site_name":"GnostX GmbH","article_modified_time":"2023-03-05T16:03:03+00:00","twitter_card":"summary_large_image","twitter_misc":{"Gesch\u00e4tzte Lesezeit":"1\u00a0Minute"},"schema":{"@context":"https:\/\/schema.org","@graph":[{"@type":"WebPage","@id":"https:\/\/gnostx.com\/wp_gnostx\/about\/referenzen\/","url":"https:\/\/gnostx.com\/wp_gnostx\/about\/referenzen\/","name":"GnostX GmbH | Referenzen | Bahnunternemen | Finazunternehmen","isPartOf":{"@id":"https:\/\/gnostx.com\/wp_gnostx\/#website"},"datePublished":"2017-08-05T13:04:31+00:00","dateModified":"2023-03-05T16:03:03+00:00","description":"GnostX GmbH war t\u00e4tig f\u00fcr: Bahnunternehmen, Finanzunternehmen, \u00f6ffentliche Hand, Startups und Non-profit Unternehmen.","breadcrumb":{"@id":"https:\/\/gnostx.com\/wp_gnostx\/about\/referenzen\/#breadcrumb"},"inLanguage":"de","potentialAction":[{"@type":"ReadAction","target":["https:\/\/gnostx.com\/wp_gnostx\/about\/referenzen\/"]}]},{"@type":"BreadcrumbList","@id":"https:\/\/gnostx.com\/wp_gnostx\/about\/referenzen\/#breadcrumb","itemListElement":[{"@type":"ListItem","position":1,"name":"Startseite","item":"https:\/\/gnostx.com\/wp_gnostx\/"},{"@type":"ListItem","position":2,"name":"About","item":"https:\/\/gnostx.com\/wp_gnostx\/about\/"},{"@type":"ListItem","position":3,"name":"Referenzen"}]},{"@type":"WebSite","@id":"https:\/\/gnostx.com\/wp_gnostx\/#website","url":"https:\/\/gnostx.com\/wp_gnostx\/","name":"GnostX GmbH","description":"f\u00fcr IT-Manager","publisher":{"@id":"https:\/\/gnostx.com\/wp_gnostx\/#organization"},"potentialAction":[{"@type":"SearchAction","target":{"@type":"EntryPoint","urlTemplate":"https:\/\/gnostx.com\/wp_gnostx\/?s={search_term_string}"},"query-input":{"@type":"PropertyValueSpecification","valueRequired":true,"valueName":"search_term_string"}}],"inLanguage":"de"},{"@type":"Organization","@id":"https:\/\/gnostx.com\/wp_gnostx\/#organization","name":"GnostX GmbH","url":"https:\/\/gnostx.com\/wp_gnostx\/","logo":{"@type":"ImageObject","inLanguage":"de","@id":"https:\/\/gnostx.com\/wp_gnostx\/#\/schema\/logo\/image\/","url":"https:\/\/gnostx.com\/wp_gnostx\/wp-content\/uploads\/2017\/08\/cropped-logo_beschnitten.png","contentUrl":"https:\/\/gnostx.com\/wp_gnostx\/wp-content\/uploads\/2017\/08\/cropped-logo_beschnitten.png","width":250,"height":250,"caption":"GnostX GmbH"},"image":{"@id":"https:\/\/gnostx.com\/wp_gnostx\/#\/schema\/logo\/image\/"}}]}},"_links":{"self":[{"href":"https:\/\/gnostx.com\/wp_gnostx\/wp-json\/wp\/v2\/pages\/22","targetHints":{"allow":["GET"]}}],"collection":[{"href":"https:\/\/gnostx.com\/wp_gnostx\/wp-json\/wp\/v2\/pages"}],"about":[{"href":"https:\/\/gnostx.com\/wp_gnostx\/wp-json\/wp\/v2\/types\/page"}],"author":[{"embeddable":true,"href":"https:\/\/gnostx.com\/wp_gnostx\/wp-json\/wp\/v2\/users\/1"}],"replies":[{"embeddable":true,"href":"https:\/\/gnostx.com\/wp_gnostx\/wp-json\/wp\/v2\/comments?post=22"}],"version-history":[{"count":5,"href":"https:\/\/gnostx.com\/wp_gnostx\/wp-json\/wp\/v2\/pages\/22\/revisions"}],"predecessor-version":[{"id":275,"href":"https:\/\/gnostx.com\/wp_gnostx\/wp-json\/wp\/v2\/pages\/22\/revisions\/275"}],"up":[{"embeddable":true,"href":"https:\/\/gnostx.com\/wp_gnostx\/wp-json\/wp\/v2\/pages\/131"}],"wp:attachment":[{"href":"https:\/\/gnostx.com\/wp_gnostx\/wp-json\/wp\/v2\/media?parent=22"}],"curies":[{"name":"wp","href":"https:\/\/api.w.org\/{rel}","templated":true}]}}