{"id":9,"date":"2017-08-05T12:58:40","date_gmt":"2017-08-05T12:58:40","guid":{"rendered":"https:\/\/gnostx.com\/wp_gnostx\/?page_id=9"},"modified":"2023-03-05T16:09:52","modified_gmt":"2023-03-05T16:09:52","slug":"produkte","status":"publish","type":"page","link":"https:\/\/gnostx.com\/wp_gnostx\/produkte\/","title":{"rendered":"Produkte"},"content":{"rendered":"<p>GnostX Gmbh offeriert Produkte und Dienstleistungen. Bei Produkten ist der Umfang klar vom Umfang und Preis vorg\u00e4ngig definiert, w\u00e4hrend bei Dienstleistungen die Arbeitsleistung im Vordergrund steht.<\/p>\n<h1>Projektsupervision f\u00fcr \u00f6ffentliche Verwaltungen<\/h1>\n<p>Auftraggeber und Projektleiter sind in IT-Projekten der Dreh- und Angelpunkt. Bei diesen beiden Rollen setzt unsere Supervision an. Der Auftraggeber verantwortet das Ergebnis und muss das Projekt in die Organisation \u00fcberf\u00fchren und damit Gesch\u00e4ftsziele erf\u00fcllen. Der Projektleiter muss alle Anstrengungen b\u00fcndeln. Auftraggeber wie Projektleiter f\u00fchlen sich von der Informatik ungen\u00fcgend unterst\u00fctzt. Eine Supervision hilft ihnen, die Bed\u00fcrfnisse des Fachbereichs und der Gesamtorganisation optimal zu erf\u00fcllen.<\/p>\n<p>Mehr Informationen entnehmen Sie bitte dem <a href=\"https:\/\/gnostx.com\/wp_gnostx\/wp-content\/uploads\/2017\/08\/Flyer_Projektsupervision_v2-1.pdf\" target=\"_blank\" rel=\"noopener\">Flyer<\/a>.<\/p>\n<h1>Kundensupervision f\u00fcr \u00f6ffentliche Verwaltungen<\/h1>\n<p>Auftraggeber spielen in IT-Projekten eine zentrale Rolle. Der Auftraggeber verantwortet das Ergebnis und muss das Projekt in die Organisation \u00fcberf\u00fchren und damit Gesch\u00e4ftsziele erf\u00fcllen. Viele Auftraggeber f\u00fchlen sich von der Informatik ungen\u00fcgend beraten. Eine Supervision hilft ihnen, die Bed\u00fcrfnisse des Fachbereichs und der Gesamtorganisation optimal zu erf\u00fcllen.<\/p>\n<p>Mehr Informationen entnehmen Sie bitte dem <a href=\"https:\/\/gnostx.com\/wp_gnostx\/wp-content\/uploads\/2017\/08\/Flyer_Kundensupervision_v2-1.pdf\" target=\"_blank\" rel=\"noopener\">Flyer<\/a>.<\/p>\n<h1>IT Project Check<\/h1>\n<p>GnostX GmbH f\u00fchrt einen Check eines Ihrer Projekte durch. Dies umfasst einen Workshop, Interviews, Reviews, Durchgehen der Dokumente, Abarbeiten von Checklisten zu Best Practices im Bereich Projektmanagment und einer Liste von m\u00f6glichen Massnahmen. Der Checkup gibt dem Managment ein gutes Gef\u00fchl \u00fcber ein Projekt. Dabei achten wir darauf, dass das aktuelle Projekt m\u00f6glichst wenig gest\u00f6rt wird. Die Kosten des Produkts belaufen sich auf CHF 16&#8217;000.&#8211;<\/p>\n<p>Informationen als PDF: <a href=\"https:\/\/gnostx.com\/wp_gnostx\/wp-content\/uploads\/2017\/08\/projekt_checkup-1.pdf\">projekt_checkup<\/a><\/p>\n<p>Kontaktieren Sie uns f\u00fcr Details: <a href=\"mailto:project_check@gnostx.ch\">project_check@gnostx.ch<\/a>.<\/p>\n<h1>Audits<\/h1>\n<p>GnostX GmbH f\u00fchrt Projektaudits durch.<\/p>\n<p>Kontaktieren Sie uns unter: <a href=\"mailto:audits@gnostx.ch\">audits@gnostx.ch<\/a>.<\/p>\n<h1>ISO 27001 Preparation Audits<\/h1>\n<p>GnostX GmbH unterst\u00fctzt Sie bei der Vorbereitung von ISO 27001 Audits.<\/p>\n<p>Kontaktieren Sie uns unter <a href=\"mailto:audits@gnostx.ch\">audits@gnostx.ch<\/a><\/p>\n<h1>&#8222;Informatikvertr\u00e4glichkeitspr\u00fcfung&#8220;<\/h1>\n<p>F\u00fcr Gesetzgebungsvorhaben und Verordnungsanpassen pr\u00fcft GnostX GmbH die Auswirkungen auf die IT-Infrastruktur und die m\u00f6glichen Kosten. Dies kann unliebsame \u00dcberraschungen bei der Umsetzung vermeiden.<\/p>\n<p>Kontaktieren Sie uns unter <a href=\"mailto:pub@gnostx.ch\">pub@gnostx.ch<\/a><\/p>\n<h1>\u00d6ffentliche Konsultationen<\/h1>\n<p>GnostX GmbH kann f\u00fcr andere Organisationen die Beantwortung von Vernehmlassungen und Konsultationen \u00fcbernehmen, um die Auswirkungen auf die IT-Landschaft zu analyiseren.<\/p>\n<p>Kontaktieren Sie uns unter <a href=\"mailto:pub@gnostx.ch\">pub@gnostx.ch<\/a><\/p>\n","protected":false},"excerpt":{"rendered":"<p>GnostX Gmbh offeriert Produkte und Dienstleistungen. Bei Produkten ist der Umfang klar vom Umfang und Preis vorg\u00e4ngig definiert, w\u00e4hrend bei Dienstleistungen die Arbeitsleistung im Vordergrund steht. Projektsupervision f\u00fcr \u00f6ffentliche Verwaltungen Auftraggeber und Projektleiter sind in IT-Projekten der Dreh- und Angelpunkt. Bei diesen beiden Rollen setzt unsere Supervision an. Der Auftraggeber verantwortet das Ergebnis und muss &hellip; <\/p>\n<p class=\"link-more\"><a href=\"https:\/\/gnostx.com\/wp_gnostx\/produkte\/\" class=\"more-link\"><span class=\"screen-reader-text\">\u201eProdukte\u201c <\/span>weiterlesen<\/a><\/p>\n","protected":false},"author":1,"featured_media":0,"parent":0,"menu_order":0,"comment_status":"closed","ping_status":"closed","template":"","meta":{"footnotes":""},"class_list":["post-9","page","type-page","status-publish","hentry"],"yoast_head":"<!-- This site is optimized with the Yoast SEO plugin v27.4 - https:\/\/yoast.com\/product\/yoast-seo-wordpress\/ -->\n<title>GnostX GmbH - Produkte | Projektsupervision | Kundensupervision<\/title>\n<meta name=\"description\" content=\"GnostX Gmbh offeriert Produkte und Dienstleistungen. Bei Produkten ist der Umfang klar vom Umfang und Preis vorg\u00e4ngig definiert, w\u00e4hrend bei Dienstleistungen die Arbeitsleistung im Vordergrund steht.\" \/>\n<meta name=\"robots\" content=\"index, follow, max-snippet:-1, max-image-preview:large, max-video-preview:-1\" \/>\n<link rel=\"canonical\" href=\"https:\/\/gnostx.com\/wp_gnostx\/produkte\/\" \/>\n<meta property=\"og:locale\" content=\"de_DE\" \/>\n<meta property=\"og:type\" content=\"article\" \/>\n<meta property=\"og:title\" content=\"GnostX GmbH - Produkte | Projektsupervision | Kundensupervision\" \/>\n<meta property=\"og:description\" content=\"GnostX Gmbh offeriert Produkte und Dienstleistungen. Bei Produkten ist der Umfang klar vom Umfang und Preis vorg\u00e4ngig definiert, w\u00e4hrend bei Dienstleistungen die Arbeitsleistung im Vordergrund steht.\" \/>\n<meta property=\"og:url\" content=\"https:\/\/gnostx.com\/wp_gnostx\/produkte\/\" \/>\n<meta property=\"og:site_name\" content=\"GnostX GmbH\" \/>\n<meta property=\"article:modified_time\" content=\"2023-03-05T16:09:52+00:00\" \/>\n<meta name=\"twitter:card\" content=\"summary_large_image\" \/>\n<meta name=\"twitter:label1\" content=\"Gesch\u00e4tzte Lesezeit\" \/>\n\t<meta name=\"twitter:data1\" content=\"2\u00a0Minuten\" \/>\n<script type=\"application\/ld+json\" class=\"yoast-schema-graph\">{\"@context\":\"https:\\\/\\\/schema.org\",\"@graph\":[{\"@type\":\"WebPage\",\"@id\":\"https:\\\/\\\/gnostx.com\\\/wp_gnostx\\\/produkte\\\/\",\"url\":\"https:\\\/\\\/gnostx.com\\\/wp_gnostx\\\/produkte\\\/\",\"name\":\"GnostX GmbH - Produkte | Projektsupervision | Kundensupervision\",\"isPartOf\":{\"@id\":\"https:\\\/\\\/gnostx.com\\\/wp_gnostx\\\/#website\"},\"datePublished\":\"2017-08-05T12:58:40+00:00\",\"dateModified\":\"2023-03-05T16:09:52+00:00\",\"description\":\"GnostX Gmbh offeriert Produkte und Dienstleistungen. Bei Produkten ist der Umfang klar vom Umfang und Preis vorg\u00e4ngig definiert, w\u00e4hrend bei Dienstleistungen die Arbeitsleistung im Vordergrund steht.\",\"breadcrumb\":{\"@id\":\"https:\\\/\\\/gnostx.com\\\/wp_gnostx\\\/produkte\\\/#breadcrumb\"},\"inLanguage\":\"de\",\"potentialAction\":[{\"@type\":\"ReadAction\",\"target\":[\"https:\\\/\\\/gnostx.com\\\/wp_gnostx\\\/produkte\\\/\"]}]},{\"@type\":\"BreadcrumbList\",\"@id\":\"https:\\\/\\\/gnostx.com\\\/wp_gnostx\\\/produkte\\\/#breadcrumb\",\"itemListElement\":[{\"@type\":\"ListItem\",\"position\":1,\"name\":\"Startseite\",\"item\":\"https:\\\/\\\/gnostx.com\\\/wp_gnostx\\\/\"},{\"@type\":\"ListItem\",\"position\":2,\"name\":\"Produkte\"}]},{\"@type\":\"WebSite\",\"@id\":\"https:\\\/\\\/gnostx.com\\\/wp_gnostx\\\/#website\",\"url\":\"https:\\\/\\\/gnostx.com\\\/wp_gnostx\\\/\",\"name\":\"GnostX GmbH\",\"description\":\"f\u00fcr IT-Manager\",\"publisher\":{\"@id\":\"https:\\\/\\\/gnostx.com\\\/wp_gnostx\\\/#organization\"},\"potentialAction\":[{\"@type\":\"SearchAction\",\"target\":{\"@type\":\"EntryPoint\",\"urlTemplate\":\"https:\\\/\\\/gnostx.com\\\/wp_gnostx\\\/?s={search_term_string}\"},\"query-input\":{\"@type\":\"PropertyValueSpecification\",\"valueRequired\":true,\"valueName\":\"search_term_string\"}}],\"inLanguage\":\"de\"},{\"@type\":\"Organization\",\"@id\":\"https:\\\/\\\/gnostx.com\\\/wp_gnostx\\\/#organization\",\"name\":\"GnostX GmbH\",\"url\":\"https:\\\/\\\/gnostx.com\\\/wp_gnostx\\\/\",\"logo\":{\"@type\":\"ImageObject\",\"inLanguage\":\"de\",\"@id\":\"https:\\\/\\\/gnostx.com\\\/wp_gnostx\\\/#\\\/schema\\\/logo\\\/image\\\/\",\"url\":\"https:\\\/\\\/gnostx.com\\\/wp_gnostx\\\/wp-content\\\/uploads\\\/2017\\\/08\\\/cropped-logo_beschnitten.png\",\"contentUrl\":\"https:\\\/\\\/gnostx.com\\\/wp_gnostx\\\/wp-content\\\/uploads\\\/2017\\\/08\\\/cropped-logo_beschnitten.png\",\"width\":250,\"height\":250,\"caption\":\"GnostX GmbH\"},\"image\":{\"@id\":\"https:\\\/\\\/gnostx.com\\\/wp_gnostx\\\/#\\\/schema\\\/logo\\\/image\\\/\"}}]}<\/script>\n<!-- \/ Yoast SEO plugin. -->","yoast_head_json":{"title":"GnostX GmbH - Produkte | Projektsupervision | Kundensupervision","description":"GnostX Gmbh offeriert Produkte und Dienstleistungen. Bei Produkten ist der Umfang klar vom Umfang und Preis vorg\u00e4ngig definiert, w\u00e4hrend bei Dienstleistungen die Arbeitsleistung im Vordergrund steht.","robots":{"index":"index","follow":"follow","max-snippet":"max-snippet:-1","max-image-preview":"max-image-preview:large","max-video-preview":"max-video-preview:-1"},"canonical":"https:\/\/gnostx.com\/wp_gnostx\/produkte\/","og_locale":"de_DE","og_type":"article","og_title":"GnostX GmbH - Produkte | Projektsupervision | Kundensupervision","og_description":"GnostX Gmbh offeriert Produkte und Dienstleistungen. Bei Produkten ist der Umfang klar vom Umfang und Preis vorg\u00e4ngig definiert, w\u00e4hrend bei Dienstleistungen die Arbeitsleistung im Vordergrund steht.","og_url":"https:\/\/gnostx.com\/wp_gnostx\/produkte\/","og_site_name":"GnostX GmbH","article_modified_time":"2023-03-05T16:09:52+00:00","twitter_card":"summary_large_image","twitter_misc":{"Gesch\u00e4tzte Lesezeit":"2\u00a0Minuten"},"schema":{"@context":"https:\/\/schema.org","@graph":[{"@type":"WebPage","@id":"https:\/\/gnostx.com\/wp_gnostx\/produkte\/","url":"https:\/\/gnostx.com\/wp_gnostx\/produkte\/","name":"GnostX GmbH - Produkte | Projektsupervision | Kundensupervision","isPartOf":{"@id":"https:\/\/gnostx.com\/wp_gnostx\/#website"},"datePublished":"2017-08-05T12:58:40+00:00","dateModified":"2023-03-05T16:09:52+00:00","description":"GnostX Gmbh offeriert Produkte und Dienstleistungen. Bei Produkten ist der Umfang klar vom Umfang und Preis vorg\u00e4ngig definiert, w\u00e4hrend bei Dienstleistungen die Arbeitsleistung im Vordergrund steht.","breadcrumb":{"@id":"https:\/\/gnostx.com\/wp_gnostx\/produkte\/#breadcrumb"},"inLanguage":"de","potentialAction":[{"@type":"ReadAction","target":["https:\/\/gnostx.com\/wp_gnostx\/produkte\/"]}]},{"@type":"BreadcrumbList","@id":"https:\/\/gnostx.com\/wp_gnostx\/produkte\/#breadcrumb","itemListElement":[{"@type":"ListItem","position":1,"name":"Startseite","item":"https:\/\/gnostx.com\/wp_gnostx\/"},{"@type":"ListItem","position":2,"name":"Produkte"}]},{"@type":"WebSite","@id":"https:\/\/gnostx.com\/wp_gnostx\/#website","url":"https:\/\/gnostx.com\/wp_gnostx\/","name":"GnostX GmbH","description":"f\u00fcr IT-Manager","publisher":{"@id":"https:\/\/gnostx.com\/wp_gnostx\/#organization"},"potentialAction":[{"@type":"SearchAction","target":{"@type":"EntryPoint","urlTemplate":"https:\/\/gnostx.com\/wp_gnostx\/?s={search_term_string}"},"query-input":{"@type":"PropertyValueSpecification","valueRequired":true,"valueName":"search_term_string"}}],"inLanguage":"de"},{"@type":"Organization","@id":"https:\/\/gnostx.com\/wp_gnostx\/#organization","name":"GnostX GmbH","url":"https:\/\/gnostx.com\/wp_gnostx\/","logo":{"@type":"ImageObject","inLanguage":"de","@id":"https:\/\/gnostx.com\/wp_gnostx\/#\/schema\/logo\/image\/","url":"https:\/\/gnostx.com\/wp_gnostx\/wp-content\/uploads\/2017\/08\/cropped-logo_beschnitten.png","contentUrl":"https:\/\/gnostx.com\/wp_gnostx\/wp-content\/uploads\/2017\/08\/cropped-logo_beschnitten.png","width":250,"height":250,"caption":"GnostX GmbH"},"image":{"@id":"https:\/\/gnostx.com\/wp_gnostx\/#\/schema\/logo\/image\/"}}]}},"_links":{"self":[{"href":"https:\/\/gnostx.com\/wp_gnostx\/wp-json\/wp\/v2\/pages\/9","targetHints":{"allow":["GET"]}}],"collection":[{"href":"https:\/\/gnostx.com\/wp_gnostx\/wp-json\/wp\/v2\/pages"}],"about":[{"href":"https:\/\/gnostx.com\/wp_gnostx\/wp-json\/wp\/v2\/types\/page"}],"author":[{"embeddable":true,"href":"https:\/\/gnostx.com\/wp_gnostx\/wp-json\/wp\/v2\/users\/1"}],"replies":[{"embeddable":true,"href":"https:\/\/gnostx.com\/wp_gnostx\/wp-json\/wp\/v2\/comments?post=9"}],"version-history":[{"count":10,"href":"https:\/\/gnostx.com\/wp_gnostx\/wp-json\/wp\/v2\/pages\/9\/revisions"}],"predecessor-version":[{"id":278,"href":"https:\/\/gnostx.com\/wp_gnostx\/wp-json\/wp\/v2\/pages\/9\/revisions\/278"}],"wp:attachment":[{"href":"https:\/\/gnostx.com\/wp_gnostx\/wp-json\/wp\/v2\/media?parent=9"}],"curies":[{"name":"wp","href":"https:\/\/api.w.org\/{rel}","templated":true}]}}